{"id":9736,"date":"2022-10-27T14:11:53","date_gmt":"2022-10-27T12:11:53","guid":{"rendered":"https:\/\/www.berlac.ch\/offerte-speciali\/"},"modified":"2024-10-14T16:09:26","modified_gmt":"2024-10-14T14:09:26","slug":"offerte-speciali","status":"publish","type":"page","link":"https:\/\/www.berlac.ch\/it\/offerte-speciali\/","title":{"rendered":"Offerte speciali"},"content":{"rendered":"\n\n<div id=\"header-statisch-block_92511dc02c9933bcfb4f4a7a1fd68a28\" class=\"header-bild-statisch reveal\">\n    <img decoding=\"async\" width=\"1920\" height=\"800\" src=\"https:\/\/www.berlac.ch\/wp-content\/uploads\/sites\/5\/2023\/03\/Berlac-Header-Specials-1920x800.jpg\" class=\"attachment-image-big size-image-big\" alt=\"\" srcset=\"https:\/\/www.berlac.ch\/wp-content\/uploads\/sites\/5\/2023\/03\/Berlac-Header-Specials-1920x800.jpg 1920w, https:\/\/www.berlac.ch\/wp-content\/uploads\/sites\/5\/2023\/03\/Berlac-Header-Specials-519x216.jpg 519w\" sizes=\"(max-width: 1920px) 100vw, 1920px\" \/><\/div>\n\n\n\n<div style=\"height:100px\" aria-hidden=\"true\" class=\"wp-block-spacer\"><\/div>\n\n\n\n\n<div id=\"bild-text-modul-rechts-zweizeilig-block_768ea4afc11ce1c41c0220eba2fb3572\" class=\"bild-text-modul-zweizeilig-container\">\n            \n            \n\n\n            \n\n                                    \n                                                    <div class=\"bild-text-modul-rechts-zweizeilig bild-text-modul-zweizeilig\">\n                                <div class=\"custom-flex-box\">\n                                    <div class=\"flex-box-fifty text-container reveal reveal-left\">\n                                        <div class=\"headline-border\"><\/div>\n                                        <div class=\"text-container-flex\">\n                                            <div class=\"text-inner\">\n\n                                                                                                                                                            <div class=\"text-left-border\">\n                                                            <div class=\"text-cut\">\n                                                                <h2>Trend Colors B\u2022I<\/h2>\n                                                                <div class=\"normal-font\">\n                                                                    <p>Il trend di connettere le persone con la natura e l&#8217;ambiente naturale per migliorare il benessere e la sostenibilit\u00e0 \u00e8 ci\u00f2 che abbiamo incorporato nella nostra ispirazione dei colori di tendenza.<\/p>\n                                                                <\/div>\n                                                            <\/div>\n                                                            <div class=\"button-box\">\n                                                                                                                                                                                                    <a href=\"https:\/\/www.berlac.ch\/it\/offerte-speciali\/trend-colors-bi\/\" target=\"\" class=\"load-more-button\">Maggiori informazioni<\/a>\n                                                                                                                            <\/div>\n                                                        <\/div>\n                                                                                                    \n                                            <\/div>\n                                        <\/div>\n                                    <\/div>\n                                    <div class=\"flex-box-fifty bild-container reveal reveal-right\">\n                                                                                    \n                                                                                                                                                                                                                                                                    <img decoding=\"async\" width=\"1920\" height=\"1378\" src=\"https:\/\/www.berlac.ch\/wp-content\/uploads\/sites\/5\/2023\/03\/Berlac-Trend-Colors-BI.jpg\" class=\"attachment-full size-full\" alt=\"\" srcset=\"https:\/\/www.berlac.ch\/wp-content\/uploads\/sites\/5\/2023\/03\/Berlac-Trend-Colors-BI.jpg 1920w, https:\/\/www.berlac.ch\/wp-content\/uploads\/sites\/5\/2023\/03\/Berlac-Trend-Colors-BI-300x215.jpg 300w, https:\/\/www.berlac.ch\/wp-content\/uploads\/sites\/5\/2023\/03\/Berlac-Trend-Colors-BI-1024x735.jpg 1024w, https:\/\/www.berlac.ch\/wp-content\/uploads\/sites\/5\/2023\/03\/Berlac-Trend-Colors-BI-768x551.jpg 768w, https:\/\/www.berlac.ch\/wp-content\/uploads\/sites\/5\/2023\/03\/Berlac-Trend-Colors-BI-1536x1102.jpg 1536w\" sizes=\"(max-width: 1920px) 100vw, 1920px\" \/>                                                                                                    \n                                                                                                                        <\/div>\n                                <\/div>\n                            <\/div>\n                                                            \n            \n\n        \n\n\n    <\/div>\n\n\n\n<div style=\"height:100px\" aria-hidden=\"true\" class=\"wp-block-spacer\"><\/div>\n\n\n\n\n<div id=\"bild-text-modul-rechts-zweizeilig-block_5f6dcee8469b8b36ce2f4ace0b2a176b\" class=\"bild-text-modul-zweizeilig-container\">\n            \n            \n\n\n            \n\n\n                                    \n\n                                                    <div class=\"bild-text-modul-links-zweizeilig bild-text-modul-zweizeilig\">\n                                <div class=\"custom-flex-box\">\n\n                                    <div class=\"flex-box-fifty bild-container reveal reveal-left\">\n                                                                                    \n                                                                                                                                                                                                                                                                    <img decoding=\"async\" width=\"1920\" height=\"800\" src=\"https:\/\/www.berlac.ch\/wp-content\/uploads\/sites\/5\/2024\/10\/workinprogress1.jpg\" class=\"attachment-full size-full\" alt=\"\" srcset=\"https:\/\/www.berlac.ch\/wp-content\/uploads\/sites\/5\/2024\/10\/workinprogress1.jpg 1920w, https:\/\/www.berlac.ch\/wp-content\/uploads\/sites\/5\/2024\/10\/workinprogress1-300x125.jpg 300w, https:\/\/www.berlac.ch\/wp-content\/uploads\/sites\/5\/2024\/10\/workinprogress1-1024x427.jpg 1024w, https:\/\/www.berlac.ch\/wp-content\/uploads\/sites\/5\/2024\/10\/workinprogress1-768x320.jpg 768w, https:\/\/www.berlac.ch\/wp-content\/uploads\/sites\/5\/2024\/10\/workinprogress1-1536x640.jpg 1536w, https:\/\/www.berlac.ch\/wp-content\/uploads\/sites\/5\/2024\/10\/workinprogress1-519x216.jpg 519w\" sizes=\"(max-width: 1920px) 100vw, 1920px\" \/>                                                                                                    \n                                                                                                                        <\/div>\n\n                                    <div class=\"flex-box-fifty text-container reveal reveal-right\">\n                                        <div class=\"headline-border\"><\/div>\n                                        <div class=\"text-container-flex\">\n                                            <div class=\"text-inner\">\n                                                                                                                                                            <div class=\"text-left-border\">\n                                                            <div class=\"text-cut\">\n                                                                <h2>Trend Colors EIII<\/h2>\n                                                                <div class=\"normal-font\">\n                                                                    <p>Chi \u00e8 interessato ai colori \u00e8 automaticamente interessato all&#8217;evoluzione della societ\u00e0. Per noi esperti di colore, le capacit\u00e0 di osservazione accurata sono essenziali. In effetti, i cambiamenti osservati ci consentono di prevedere gli sviluppi futuri. <\/p>\n                                                                <\/div>\n                                                            <\/div>\n                                                            <div class=\"button-box\">\n                                                                                                                                                                                                    <a href=\"https:\/\/www.berlac.ch\/it\/offerte-speciali\/trend-colors-eiii\/\" target=\"\" class=\"load-more-button\">Trend Colors EIII<\/a>\n                                                                                                                            <\/div>\n                                                        <\/div>\n                                                                                                                                                <\/div>\n                                        <\/div>\n                                    <\/div>\n                                <\/div>\n                            <\/div>\n                                                            \n            \n\n        \n\n\n    <\/div>\n\n\n\n<div style=\"height:100px\" aria-hidden=\"true\" class=\"wp-block-spacer\"><\/div>\n\n\n\n\n<div id=\"bild-text-modul-rechts-zweizeilig-block_574bf755dc2ebab0a88b029cbbe6bcfd\" class=\"bild-text-modul-zweizeilig-container\">\n            \n            \n\n\n            \n\n                                    \n                                                    <div class=\"bild-text-modul-rechts-zweizeilig bild-text-modul-zweizeilig\">\n                                <div class=\"custom-flex-box\">\n                                    <div class=\"flex-box-fifty text-container reveal reveal-left\">\n                                        <div class=\"headline-border\"><\/div>\n                                        <div class=\"text-container-flex\">\n                                            <div class=\"text-inner\">\n\n                                                                                                                                                            <div class=\"text-left-border\">\n                                                            <div class=\"text-cut\">\n                                                                <h2>Trend Colors E-IV<\/h2>\n                                                                <div class=\"normal-font\">\n                                                                    <p>L&#8217;adattamento al mondo moderno \u00e8 un processo complesso e continuo che richiede un costante adattamento alle nuove condizioni tecnologiche, sociali, economiche e ambientali. Per farlo, dobbiamo continuare a reinventarci, sviluppare nuove competenze e cambiare costantemente.<br \/>\nUn ritratto dell&#8217;uomo di oggi e della sua architettura perfetta&#8230;<\/p>\n                                                                <\/div>\n                                                            <\/div>\n                                                            <div class=\"button-box\">\n                                                                                                                                                                                                    <a href=\"https:\/\/www.berlac.ch\/it\/specials\/trend-colors-e-iv\/\" target=\"\" class=\"load-more-button\">Maggiori informazioni<\/a>\n                                                                                                                            <\/div>\n                                                        <\/div>\n                                                                                                    \n                                            <\/div>\n                                        <\/div>\n                                    <\/div>\n                                    <div class=\"flex-box-fifty bild-container reveal reveal-right\">\n                                                                                    \n                                                                                                                                                                                                                                                                    <img decoding=\"async\" width=\"1920\" height=\"800\" src=\"https:\/\/www.berlac.ch\/wp-content\/uploads\/sites\/5\/2024\/03\/Berlac-Header-19920x800px.jpg\" class=\"attachment-full size-full\" alt=\"\" srcset=\"https:\/\/www.berlac.ch\/wp-content\/uploads\/sites\/5\/2024\/03\/Berlac-Header-19920x800px.jpg 1920w, https:\/\/www.berlac.ch\/wp-content\/uploads\/sites\/5\/2024\/03\/Berlac-Header-19920x800px-300x125.jpg 300w, https:\/\/www.berlac.ch\/wp-content\/uploads\/sites\/5\/2024\/03\/Berlac-Header-19920x800px-1024x427.jpg 1024w, https:\/\/www.berlac.ch\/wp-content\/uploads\/sites\/5\/2024\/03\/Berlac-Header-19920x800px-768x320.jpg 768w, https:\/\/www.berlac.ch\/wp-content\/uploads\/sites\/5\/2024\/03\/Berlac-Header-19920x800px-1536x640.jpg 1536w, https:\/\/www.berlac.ch\/wp-content\/uploads\/sites\/5\/2024\/03\/Berlac-Header-19920x800px-519x216.jpg 519w\" sizes=\"(max-width: 1920px) 100vw, 1920px\" \/>                                                                                                    \n                                                                                                                        <\/div>\n                                <\/div>\n                            <\/div>\n                                                            \n            \n\n        \n\n\n    <\/div>\n\n\n\n<div style=\"height:100px\" aria-hidden=\"true\" class=\"wp-block-spacer\"><\/div>\n\n\n\r\n\r\n<div id=\"stoerer-mit-quicklink-block_1e442532c3f93197f67e4b482226a45e\" class=\"stoerer-container only-text reveal\" style=\"background-image: url('https:\/\/www.berlac.ch\/wp-content\/uploads\/sites\/5\/2023\/02\/HG_Auberginge_Diagonal_pos_19220x800px.jpg');\">\r\n    <div class=\"inner\">\r\n        <div class=\"stoerer-text-area\">\r\n                        <div class=\"headline-container reveal reveal-left\">\r\n                <div class=\"headline-box\"><\/div>\r\n                <h2 class=\"headline-one\">HAI UN&#8217;IDEA UNICA, MA ANCORA NESSUNA SOLUZIONE?<\/h2>\r\n            <\/div>\r\n                <div class=\"normal-font reveal reveal-left\"><p>Siamo felici di supportarvi. Perch\u00e9 amiamo le sfide ambiziose. Non esitate a contattarci.<\/p>\n<\/div>\r\n                                            <div class=\"reveal reveal-left\">\r\n                    <a href=\"https:\/\/www.berlac.ch\/it\/chi-siamo\/contattateci\/\" target=\"\" class=\"load-more-button white-button\">Discutiamo insieme la vostra idea<\/a>\r\n            <\/div>\r\n                                    <\/div>\r\n    <\/div>\r\n<\/div>\n\n","protected":false},"excerpt":{"rendered":"","protected":false},"author":9,"featured_media":0,"parent":0,"menu_order":48,"comment_status":"closed","ping_status":"closed","template":"","meta":{"_acf_changed":false,"footnotes":""},"class_list":["post-9736","page","type-page","status-publish","hentry"],"acf":[],"_links":{"self":[{"href":"https:\/\/www.berlac.ch\/it\/wp-json\/wp\/v2\/pages\/9736","targetHints":{"allow":["GET"]}}],"collection":[{"href":"https:\/\/www.berlac.ch\/it\/wp-json\/wp\/v2\/pages"}],"about":[{"href":"https:\/\/www.berlac.ch\/it\/wp-json\/wp\/v2\/types\/page"}],"author":[{"embeddable":true,"href":"https:\/\/www.berlac.ch\/it\/wp-json\/wp\/v2\/users\/9"}],"replies":[{"embeddable":true,"href":"https:\/\/www.berlac.ch\/it\/wp-json\/wp\/v2\/comments?post=9736"}],"version-history":[{"count":6,"href":"https:\/\/www.berlac.ch\/it\/wp-json\/wp\/v2\/pages\/9736\/revisions"}],"predecessor-version":[{"id":12884,"href":"https:\/\/www.berlac.ch\/it\/wp-json\/wp\/v2\/pages\/9736\/revisions\/12884"}],"wp:attachment":[{"href":"https:\/\/www.berlac.ch\/it\/wp-json\/wp\/v2\/media?parent=9736"}],"curies":[{"name":"wp","href":"https:\/\/api.w.org\/{rel}","templated":true}]}}