{"id":11952,"date":"2024-05-27T14:19:54","date_gmt":"2024-05-27T12:19:54","guid":{"rendered":"https:\/\/www.berlac.ch\/roadmarking\/"},"modified":"2024-10-01T15:53:55","modified_gmt":"2024-10-01T13:53:55","slug":"roadmarking","status":"publish","type":"page","link":"https:\/\/www.berlac.ch\/it\/roadmarking\/","title":{"rendered":"Roadmarking"},"content":{"rendered":"\n<script type=\"application\/javascript\">\n    jQuery(document).ready(function ($) {\n        $('.bild-video-slider-fullwidth').slick({\n            infinite: true,\n            dots: false,\n            lazyLoad: 'ondemand',\n            autoplay: true,\n            arrows: true,\n            fade: false,\n            speed: 700,\n            pauseOnHover: true,\n            prevArrow: '<div class=\"slick-prev slick-button\"><div class=\"line-top line\"><\/div><div class=\"line-right line\"><\/div><div class=\"line-bottom line\"><\/div><div class=\"line-left line\"><\/div><\/div>',\n            nextArrow: '<div class=\"slick-next slick-button\"><div class=\"line-top line\"><\/div><div class=\"line-right line\"><\/div><div class=\"line-bottom line\"><\/div><div class=\"line-left line\"><\/div><\/div>',\n        });\n    });\n<\/script>\n\n\n<div id=\"header-bild-video-slider-fullwidth-block_af9cd74bf6ca8f5a230d2e634651a25b\" class=\"bild-video-slider-fullwidth reveal\">\n\t\n\t\t\t\n        \t\t\t\n\t\t\t<div class=\"bild-video-slider-fullwidth--slide img-vid-box\">\n\t\t\t\t\t\t\t\t\t\n\t\t\t\t\t\t\t\t\t\t\t\t\t\t\t\t\t\t\t\t\t<img decoding=\"async\" width=\"1920\" height=\"575\" src=\"https:\/\/www.berlac.ch\/wp-content\/uploads\/sites\/5\/2024\/05\/BASCOplast-Kaltplastik-1920x575.jpg\" class=\"attachment-image-big size-image-big\" alt=\"\" \/>\t\t\t\t\t\t\t\t\t\n\t\t\t\t\t\t\t<\/div>\n\t\t\n\t\t\n        \t\t\t\n\t\t\t<div class=\"bild-video-slider-fullwidth--slide img-vid-box\">\n\t\t\t\t\t\t\t\t\t\n\t\t\t\t\t\t\t\t\t\t\t\t\t\t\t\t\t\t\t\t\t<img decoding=\"async\" width=\"1920\" height=\"800\" src=\"https:\/\/www.berlac.ch\/wp-content\/uploads\/sites\/5\/2024\/05\/BASCOlin-Kaltspritzplastik-1920x800.jpg\" class=\"attachment-image-big size-image-big\" alt=\"\" srcset=\"https:\/\/www.berlac.ch\/wp-content\/uploads\/sites\/5\/2024\/05\/BASCOlin-Kaltspritzplastik-1920x800.jpg 1920w, https:\/\/www.berlac.ch\/wp-content\/uploads\/sites\/5\/2024\/05\/BASCOlin-Kaltspritzplastik-519x216.jpg 519w\" sizes=\"(max-width: 1920px) 100vw, 1920px\" \/>\t\t\t\t\t\t\t\t\t\n\t\t\t\t\t\t\t<\/div>\n\t\t\n\t\t\n        \t\t\t\n\t\t\t<div class=\"bild-video-slider-fullwidth--slide img-vid-box\">\n\t\t\t\t\t\t\t\t\t\n\t\t\t\t\t\t\t\t\t\t\t\t\t\t\t\t\t\t\t\t\t<img decoding=\"async\" width=\"1600\" height=\"800\" src=\"https:\/\/www.berlac.ch\/wp-content\/uploads\/sites\/5\/2024\/05\/Innenmarkierungen-1600x800.jpg\" class=\"attachment-image-big size-image-big\" alt=\"\" \/>\t\t\t\t\t\t\t\t\t\n\t\t\t\t\t\t\t<\/div>\n\t\t\n\t\t\n        \t\t\t\n\t\t\t<div class=\"bild-video-slider-fullwidth--slide img-vid-box\">\n\t\t\t\t\t\t\t\t\t\n\t\t\t\t\t\t\t\t\t\t\t\t\t\t\t\t\t\t\t\t\t<img decoding=\"async\" width=\"1920\" height=\"800\" src=\"https:\/\/www.berlac.ch\/wp-content\/uploads\/sites\/5\/2024\/05\/BASCOtaktil-Kaltplastik-1920x800.jpg\" class=\"attachment-image-big size-image-big\" alt=\"\" srcset=\"https:\/\/www.berlac.ch\/wp-content\/uploads\/sites\/5\/2024\/05\/BASCOtaktil-Kaltplastik-1920x800.jpg 1920w, https:\/\/www.berlac.ch\/wp-content\/uploads\/sites\/5\/2024\/05\/BASCOtaktil-Kaltplastik-519x216.jpg 519w\" sizes=\"(max-width: 1920px) 100vw, 1920px\" \/>\t\t\t\t\t\t\t\t\t\n\t\t\t\t\t\t\t<\/div>\n\t\t\n\t\t\t<\/div>\n\n\r\n\r\n\r\n\r\n<div id=\"header-ueberschrift-text-block_7e29e65ee7627aeb8882fb08f314fb69\" class=\"header-ueberschrift-text-container\">\r\n\r\n    <div class=\"header-contact reveal reveal-right\">\r\n\r\n                    <a href=\"tel:+41619769010\">\r\n                <div class=\"contact-box telefon-box\">\r\n                    <svg id=\"local_phone-24px\" xmlns=\"http:\/\/www.w3.org\/2000\/svg\" viewBox=\"0 0 60 60\">\r\n                        <path id=\"Pfad_4337\" data-name=\"Pfad 4337\" d=\"M0,0H60V60H0Z\" fill=\"none\"\/>\r\n                        <path id=\"Pfad_4338\" data-name=\"Pfad 4338\" d=\"M13.86,26.37A45.446,45.446,0,0,0,33.63,46.14l6.6-6.6a2.983,2.983,0,0,1,3.06-.72A34.221,34.221,0,0,0,54,40.53a3.009,3.009,0,0,1,3,3V54a3.009,3.009,0,0,1-3,3A51,51,0,0,1,3,6,3.009,3.009,0,0,1,6,3H16.5a3.009,3.009,0,0,1,3,3,34.081,34.081,0,0,0,1.71,10.71,3.011,3.011,0,0,1-.75,3.06Z\"\/>\r\n                    <\/svg>\r\n                <\/div>\r\n            <\/a>\r\n            <a href=\"mailto:in**@****ac.ch\" data-original-string=\"hxmq+xOBwCLDvm+\/FM\/paQ==301jNWjIf1wm0ghASSqb0LoaQ==\" title=\"This contact has been encoded by Anti-Spam by CleanTalk. Click to decode. To finish the decoding make sure that JavaScript is enabled in your browser.\">\r\n                <div class=\"contact-box mail-box\">\r\n                    <svg xmlns=\"http:\/\/www.w3.org\/2000\/svg\" viewBox=\"0 0 60 60\">\r\n                        <path id=\"Pfad_4340\" data-name=\"Pfad 4340\" d=\"M56,4H8a5.992,5.992,0,0,0-5.97,6L2,46a6.018,6.018,0,0,0,6,6H56a6.018,6.018,0,0,0,6-6V10A6.018,6.018,0,0,0,56,4Zm0,12L32,31,8,16V10L32,25,56,10Z\" transform=\"translate(-2 0)\"\/>\r\n                    <\/svg>\r\n                <\/div>\r\n            <\/a>\r\n            <\/div>\r\n\r\n    <div class=\"headline-container reveal reveal-bottom\">\r\n        <h1 class=\"headline-border-left-right\">Roadmarking<\/h1>\r\n    <\/div>\r\n\r\n    \r\n                                    <div class=\"inner\">\r\n                    \r\n                                                                        <div class=\"normal-font semibold reveal reveal-bottom small-width\"><\/div>\r\n                                                <div class=\"normal-font reveal reveal-bottom small-width  \">\r\n                            <p>Roadmarking di alta qualit\u00e0 e materiali di rivestimento per pavimenti, soluzioni di sistema per la sicurezza stradale, segnaletica di superficie e segnaletica speciale, segnaletica interna e rivestimenti per la protezione degli edifici.<\/p>\n                        <\/div>\r\n\r\n                    \r\n                                                        <\/div>\r\n                        <\/div>\r\n\r\n\r\n\r\n\r\n\n\n\n<div style=\"height:100px\" aria-hidden=\"true\" class=\"wp-block-spacer\"><\/div>\n\n\n\n\n<div id=\"bild-text-modul-rechts-zweizeilig-block_747370e3afd0d0c976893123e3aca808\" class=\"bild-text-modul-zweizeilig-container\">\n            \n            \n\n\n            \n\n\n                                    \n\n                                                    <div class=\"bild-text-modul-links-zweizeilig bild-text-modul-zweizeilig\">\n                                <div class=\"custom-flex-box\">\n\n                                    <div class=\"flex-box-fifty bild-container reveal reveal-left\">\n                                                                                    \n                                                                                                                                                                                                                                                                    <img decoding=\"async\" width=\"1600\" height=\"1066\" src=\"https:\/\/www.berlac.ch\/wp-content\/uploads\/sites\/5\/2024\/05\/Innenmarkierungen.jpg\" class=\"attachment-full size-full\" alt=\"\" srcset=\"https:\/\/www.berlac.ch\/wp-content\/uploads\/sites\/5\/2024\/05\/Innenmarkierungen.jpg 1600w, https:\/\/www.berlac.ch\/wp-content\/uploads\/sites\/5\/2024\/05\/Innenmarkierungen-300x200.jpg 300w, https:\/\/www.berlac.ch\/wp-content\/uploads\/sites\/5\/2024\/05\/Innenmarkierungen-1024x682.jpg 1024w, https:\/\/www.berlac.ch\/wp-content\/uploads\/sites\/5\/2024\/05\/Innenmarkierungen-768x512.jpg 768w, https:\/\/www.berlac.ch\/wp-content\/uploads\/sites\/5\/2024\/05\/Innenmarkierungen-1536x1023.jpg 1536w\" sizes=\"(max-width: 1600px) 100vw, 1600px\" \/>                                                                                                    \n                                                                                                                        <\/div>\n\n                                    <div class=\"flex-box-fifty text-container reveal reveal-right\">\n                                        <div class=\"headline-border\"><\/div>\n                                        <div class=\"text-container-flex\">\n                                            <div class=\"text-inner\">\n                                                                                                                                                            <div class=\"text-left-border\">\n                                                            <div class=\"text-cut\">\n                                                                <h2>Prodotti<\/h2>\n                                                                <div class=\"normal-font\">\n                                                                    <p>I nostri prodotti per la marcatura e il rivestimento garantiscono sicurezza e protezione in tutto il mondo. Chiunque dipenda dalla qualit\u00e0 e dalla competitivit\u00e0 dei materiali che utilizza sul mercato internazionale si affida ai nostri prodotti e sistemi di alta qualit\u00e0, al nostro eccezionale impegno e al nostro alto livello di affidabilit\u00e0.<\/p>\n                                                                <\/div>\n                                                            <\/div>\n                                                            <div class=\"button-box\">\n                                                                                                                                                                                                    <a href=\"https:\/\/www.berlac.ch\/roadmarking\/produkte\/\" target=\"\" class=\"load-more-button\">Maggiori informazioni<\/a>\n                                                                                                                            <\/div>\n                                                        <\/div>\n                                                                                                                                                <\/div>\n                                        <\/div>\n                                    <\/div>\n                                <\/div>\n                            <\/div>\n                                                            \n            \n\n        \n\n\n    <\/div>\n\n\n\n<div style=\"height:100px\" aria-hidden=\"true\" class=\"wp-block-spacer\"><\/div>\n\n\n\n\n<div id=\"bild-text-modul-rechts-zweizeilig-block_466fc0f4d222cbf6dcea260fd802b657\" class=\"bild-text-modul-zweizeilig-container\">\n            \n            \n\n\n            \n\n                                    \n                                                    <div class=\"bild-text-modul-rechts-zweizeilig bild-text-modul-zweizeilig\">\n                                <div class=\"custom-flex-box\">\n                                    <div class=\"flex-box-fifty text-container reveal reveal-left\">\n                                        <div class=\"headline-border\"><\/div>\n                                        <div class=\"text-container-flex\">\n                                            <div class=\"text-inner\">\n\n                                                                                                                                                            <div class=\"text-left-border\">\n                                                            <div class=\"text-cut\">\n                                                                <h2>APPLICAZIONI<\/h2>\n                                                                <div class=\"normal-font\">\n                                                                    <p>I nostri prodotti sono utilizzati in tutto il mondo per il rivestimento della protezione degli edifici, per la sicurezza sul posto di lavoro, per la segnaletica superficiale e speciale &#8211; anche per le piste ciclabili e per ridurre gli spazi di frenata &#8211; e, naturalmente, per la classica segnaletica stradale.<\/p>\n<p>Parla con noi: Possiamo anche sviluppare il prodotto giusto per te, personalizzato per la tua applicazione specifica.<\/p>\n                                                                <\/div>\n                                                            <\/div>\n                                                            <div class=\"button-box\">\n                                                                                                                                                                                                    <a href=\"https:\/\/www.berlac.ch\/roadmarking\/anwendungen\/\" target=\"\" class=\"load-more-button\">Maggiori informazioni<\/a>\n                                                                                                                            <\/div>\n                                                        <\/div>\n                                                                                                    \n                                            <\/div>\n                                        <\/div>\n                                    <\/div>\n                                    <div class=\"flex-box-fifty bild-container reveal reveal-right\">\n                                                                                    \n                                                                                                                                                                                                                                                                    <img decoding=\"async\" width=\"1920\" height=\"1088\" src=\"https:\/\/www.berlac.ch\/wp-content\/uploads\/sites\/5\/2024\/05\/BASCOspray.jpg\" class=\"attachment-full size-full\" alt=\"\" srcset=\"https:\/\/www.berlac.ch\/wp-content\/uploads\/sites\/5\/2024\/05\/BASCOspray.jpg 1920w, https:\/\/www.berlac.ch\/wp-content\/uploads\/sites\/5\/2024\/05\/BASCOspray-300x170.jpg 300w, https:\/\/www.berlac.ch\/wp-content\/uploads\/sites\/5\/2024\/05\/BASCOspray-1024x580.jpg 1024w, https:\/\/www.berlac.ch\/wp-content\/uploads\/sites\/5\/2024\/05\/BASCOspray-768x435.jpg 768w, https:\/\/www.berlac.ch\/wp-content\/uploads\/sites\/5\/2024\/05\/BASCOspray-1536x870.jpg 1536w\" sizes=\"(max-width: 1920px) 100vw, 1920px\" \/>                                                                                                    \n                                                                                                                        <\/div>\n                                <\/div>\n                            <\/div>\n                                                            \n            \n\n        \n\n\n    <\/div>\n\n\n\n<div style=\"height:100px\" aria-hidden=\"true\" class=\"wp-block-spacer\"><\/div>\n\n\n\n\n<div id=\"bild-text-modul-rechts-zweizeilig-block_37ed906d59f641adcc6105da53705f6c\" class=\"bild-text-modul-zweizeilig-container\">\n            \n            \n\n\n            \n\n\n                                    \n\n                                                    <div class=\"bild-text-modul-links-zweizeilig bild-text-modul-zweizeilig\">\n                                <div class=\"custom-flex-box\">\n\n                                    <div class=\"flex-box-fifty bild-container reveal reveal-left\">\n                                                                                    \n                                                                                                                                                                                                                                                                    <img decoding=\"async\" width=\"1920\" height=\"1224\" src=\"https:\/\/www.berlac.ch\/wp-content\/uploads\/sites\/5\/2024\/10\/Downloadcenter.jpg\" class=\"attachment-full size-full\" alt=\"\" srcset=\"https:\/\/www.berlac.ch\/wp-content\/uploads\/sites\/5\/2024\/10\/Downloadcenter.jpg 1920w, https:\/\/www.berlac.ch\/wp-content\/uploads\/sites\/5\/2024\/10\/Downloadcenter-300x191.jpg 300w, https:\/\/www.berlac.ch\/wp-content\/uploads\/sites\/5\/2024\/10\/Downloadcenter-1024x653.jpg 1024w, https:\/\/www.berlac.ch\/wp-content\/uploads\/sites\/5\/2024\/10\/Downloadcenter-768x490.jpg 768w, https:\/\/www.berlac.ch\/wp-content\/uploads\/sites\/5\/2024\/10\/Downloadcenter-1536x979.jpg 1536w\" sizes=\"(max-width: 1920px) 100vw, 1920px\" \/>                                                                                                    \n                                                                                                                        <\/div>\n\n                                    <div class=\"flex-box-fifty text-container reveal reveal-right\">\n                                        <div class=\"headline-border\"><\/div>\n                                        <div class=\"text-container-flex\">\n                                            <div class=\"text-inner\">\n                                                                                                                                                            <div class=\"text-left-border\">\n                                                            <div class=\"text-cut\">\n                                                                <h2>Ulteriori informazioni<\/h2>\n                                                                <div class=\"normal-font\">\n                                                                    <p>Qui troverai utili informazioni aggiuntive e dettagliate. I nostri profili di prodotto per le singole tecnologie e applicazioni ti informano sulle possibili applicazioni, sulle specifiche realizzabili e sugli standard.<\/p>\n                                                                <\/div>\n                                                            <\/div>\n                                                            <div class=\"button-box\">\n                                                                                                                                                                                                    <a href=\"https:\/\/www.berlac.ch\/roadmarking\/downloads\/\" target=\"\" class=\"load-more-button\">Maggiori informazioni<\/a>\n                                                                                                                            <\/div>\n                                                        <\/div>\n                                                                                                                                                <\/div>\n                                        <\/div>\n                                    <\/div>\n                                <\/div>\n                            <\/div>\n                                                            \n            \n\n        \n\n\n    <\/div>\n\n\n\n<div style=\"height:100px\" aria-hidden=\"true\" class=\"wp-block-spacer\"><\/div>\n\n\n\r\n\r\n<div id=\"bild-text-stoerer-block_230c53ce51bf08c7d3c4c9db62f7e45a\" class=\"stoerer-container  reveal\" style=\"background-image: url('https:\/\/www.berlac.ch\/wp-content\/uploads\/sites\/5\/2024\/05\/Kanto-St-Gallen-Heimat-von-Basler-Lacke.jpg');\">\r\n\r\n\r\n        <div class=\"inner\">\r\n        <div class=\"stoerer-text-area\">\r\n                            <div class=\"headline-container reveal reveal-left\">\r\n                    <div class=\"headline-box\"><\/div>\r\n                    <h2 >QUALIT\u00c0 DALLA SVIZZERA &#8211; IN TUTTO IL MONDO.<\/h2>\r\n                <\/div>\r\n                <div class=\"normal-font reveal reveal-left\">\r\n                    <p>Innovazione e flessibilit\u00e0, affidabilit\u00e0 e durata: siamo il tuo partner premium competente per la segnaletica stradale, la segnaletica di superficie, la segnaletica interna, i rivestimenti e i sigillanti.<\/p>\n                <\/div>\r\n                                                    <\/div>\r\n    <\/div>\r\n    \r\n\r\n                        <div class=\"stoerer-bild-area  reveal reveal-right\">\r\n                                                                                                        <\/div>\r\n            \r\n\r\n\r\n\r\n<\/div>\n\n\n<div style=\"height:100px\" aria-hidden=\"true\" class=\"wp-block-spacer\"><\/div>\n\n\n\r\n<div id=\"bild-modul-1-2-quicklink-block_263cc645e8fdcf0d4ab4f53b53483fee\" class=\"bild-modul-1-2-quicklink-container inner\">\r\n    <div class=\"custom-flex-box flex-mobile\">\r\n                    \r\n        \r\n                                                    <a href=\"https:\/\/www.berlacgroup.com\/\" class=\"flex-box-fifty flex-mobile-fifty single-box reveal reveal-bottom\">\r\n                \r\n                        <div class=\"content\">\r\n                            <h3>GRUPPO BERLAC<\/h3>\r\n                        <\/div>\r\n                        <div class=\"gradient\"><\/div>\r\n\r\n                                                                                                                                            <img decoding=\"async\" width=\"800\" height=\"520\" src=\"https:\/\/www.berlac.ch\/wp-content\/uploads\/sites\/5\/2024\/05\/berlac-group-800x520.jpg\" class=\"attachment-bild-modul-1-2-quicklink-bild size-bild-modul-1-2-quicklink-bild\" alt=\"\" \/>                                                    \r\n\r\n\r\n                                    <\/a>\r\n                \r\n            \r\n        \r\n                                                    <a href=\"https:\/\/www.berlac.ch\/it\/sostenibilita\/\" class=\"flex-box-fifty flex-mobile-fifty single-box reveal reveal-bottom\">\r\n                \r\n                        <div class=\"content\">\r\n                            <h3>SOSTENIBILIT\u00c0<\/h3>\r\n                        <\/div>\r\n                        <div class=\"gradient\"><\/div>\r\n\r\n                                                                                                                                            <img decoding=\"async\" width=\"800\" height=\"520\" src=\"https:\/\/www.berlac.ch\/wp-content\/uploads\/sites\/5\/2024\/05\/Nachhaltigkeit-800x520.png\" class=\"attachment-bild-modul-1-2-quicklink-bild size-bild-modul-1-2-quicklink-bild\" alt=\"\" \/>                                                    \r\n\r\n\r\n                                    <\/a>\r\n                \r\n                        <\/div>\r\n<\/div>","protected":false},"excerpt":{"rendered":"","protected":false},"author":9,"featured_media":0,"parent":0,"menu_order":40,"comment_status":"closed","ping_status":"closed","template":"","meta":{"_acf_changed":false,"footnotes":""},"class_list":["post-11952","page","type-page","status-publish","hentry"],"acf":[],"_links":{"self":[{"href":"https:\/\/www.berlac.ch\/it\/wp-json\/wp\/v2\/pages\/11952","targetHints":{"allow":["GET"]}}],"collection":[{"href":"https:\/\/www.berlac.ch\/it\/wp-json\/wp\/v2\/pages"}],"about":[{"href":"https:\/\/www.berlac.ch\/it\/wp-json\/wp\/v2\/types\/page"}],"author":[{"embeddable":true,"href":"https:\/\/www.berlac.ch\/it\/wp-json\/wp\/v2\/users\/9"}],"replies":[{"embeddable":true,"href":"https:\/\/www.berlac.ch\/it\/wp-json\/wp\/v2\/comments?post=11952"}],"version-history":[{"count":4,"href":"https:\/\/www.berlac.ch\/it\/wp-json\/wp\/v2\/pages\/11952\/revisions"}],"predecessor-version":[{"id":12861,"href":"https:\/\/www.berlac.ch\/it\/wp-json\/wp\/v2\/pages\/11952\/revisions\/12861"}],"wp:attachment":[{"href":"https:\/\/www.berlac.ch\/it\/wp-json\/wp\/v2\/media?parent=11952"}],"curies":[{"name":"wp","href":"https:\/\/api.w.org\/{rel}","templated":true}]}}