{"id":8015,"date":"2022-10-10T17:17:46","date_gmt":"2022-10-10T15:17:46","guid":{"rendered":"https:\/\/www.berlac.ch\/speciales\/trend-colors-eiii\/time-to-rest\/"},"modified":"2024-10-01T13:54:24","modified_gmt":"2024-10-01T11:54:24","slug":"time-to-rest","status":"publish","type":"page","link":"https:\/\/www.berlac.ch\/fr\/speciales\/trend-colors-eiii\/time-to-rest\/","title":{"rendered":"Time to Rest"},"content":{"rendered":"\n\n<div id=\"header-statisch-block_9a657ef13ef5049cd25f9e36968a32bf\" class=\"header-bild-statisch reveal\">\n    <img decoding=\"async\" width=\"1920\" height=\"800\" src=\"https:\/\/www.berlac.ch\/wp-content\/uploads\/sites\/5\/2024\/10\/timetorest1.jpg\" class=\"attachment-image-big size-image-big\" alt=\"\" srcset=\"https:\/\/www.berlac.ch\/wp-content\/uploads\/sites\/5\/2024\/10\/timetorest1.jpg 1920w, https:\/\/www.berlac.ch\/wp-content\/uploads\/sites\/5\/2024\/10\/timetorest1-300x125.jpg 300w, https:\/\/www.berlac.ch\/wp-content\/uploads\/sites\/5\/2024\/10\/timetorest1-1024x427.jpg 1024w, https:\/\/www.berlac.ch\/wp-content\/uploads\/sites\/5\/2024\/10\/timetorest1-768x320.jpg 768w, https:\/\/www.berlac.ch\/wp-content\/uploads\/sites\/5\/2024\/10\/timetorest1-1536x640.jpg 1536w, https:\/\/www.berlac.ch\/wp-content\/uploads\/sites\/5\/2024\/10\/timetorest1-519x216.jpg 519w\" sizes=\"(max-width: 1920px) 100vw, 1920px\" \/><\/div>\n\n\n\r\n\r\n\r\n\r\n<div id=\"header-ueberschrift-text-block_c9a6c87435027f67334858f4dc1040b9\" class=\"header-ueberschrift-text-container\">\r\n\r\n    <div class=\"header-contact reveal reveal-right\">\r\n\r\n                    <a href=\"tel:+41619769010\">\r\n                <div class=\"contact-box telefon-box\">\r\n                    <svg id=\"local_phone-24px\" xmlns=\"http:\/\/www.w3.org\/2000\/svg\" viewBox=\"0 0 60 60\">\r\n                        <path id=\"Pfad_4337\" data-name=\"Pfad 4337\" d=\"M0,0H60V60H0Z\" fill=\"none\"\/>\r\n                        <path id=\"Pfad_4338\" data-name=\"Pfad 4338\" d=\"M13.86,26.37A45.446,45.446,0,0,0,33.63,46.14l6.6-6.6a2.983,2.983,0,0,1,3.06-.72A34.221,34.221,0,0,0,54,40.53a3.009,3.009,0,0,1,3,3V54a3.009,3.009,0,0,1-3,3A51,51,0,0,1,3,6,3.009,3.009,0,0,1,6,3H16.5a3.009,3.009,0,0,1,3,3,34.081,34.081,0,0,0,1.71,10.71,3.011,3.011,0,0,1-.75,3.06Z\"\/>\r\n                    <\/svg>\r\n                <\/div>\r\n            <\/a>\r\n            <a href=\"mailto:in**@****ac.ch\" data-original-string=\"AiLYioubC\/N2KL5956rHwg==3012O\/zhNswdR4hqzJyZbFdwg==\" title=\"This contact has been encoded by Anti-Spam by CleanTalk. Click to decode. To finish the decoding make sure that JavaScript is enabled in your browser.\">\r\n                <div class=\"contact-box mail-box\">\r\n                    <svg xmlns=\"http:\/\/www.w3.org\/2000\/svg\" viewBox=\"0 0 60 60\">\r\n                        <path id=\"Pfad_4340\" data-name=\"Pfad 4340\" d=\"M56,4H8a5.992,5.992,0,0,0-5.97,6L2,46a6.018,6.018,0,0,0,6,6H56a6.018,6.018,0,0,0,6-6V10A6.018,6.018,0,0,0,56,4Zm0,12L32,31,8,16V10L32,25,56,10Z\" transform=\"translate(-2 0)\"\/>\r\n                    <\/svg>\r\n                <\/div>\r\n            <\/a>\r\n            <\/div>\r\n\r\n    <div class=\"headline-container reveal reveal-bottom\">\r\n        <h1 class=\"headline-border-left-right\">Time to Rest<\/h1>\r\n    <\/div>\r\n\r\n    \r\n                                    <div class=\"inner\">\r\n                    \r\n                                                                    <div class=\"normal-font reveal reveal-bottom long-width  \">\r\n                            <p>\u00ab\u00a0Guerriers de la lumi\u00e8re\u00a0\u00bb<\/p>\n<p>Ce voyage ne permet pas de faire demi-tour, nous sommes donc condamn\u00e9s \u00e0 r\u00e9ussir. Il est donc grand temps de r\u00e9fl\u00e9chir \u00e0 nos objectifs ! Vouloir un monde parfait est utopique. Aspirons donc au meilleur des mondes possibles, un monde \u00e0 notre port\u00e9e. Avec une soci\u00e9t\u00e9 qui offre la s\u00e9curit\u00e9 \u00e0 tous : \u00e9conomiquement, politiquement et \u00e9cologiquement. Et qui garantit en m\u00eame temps la libert\u00e9 individuelle de chacun. Changeons donc notre point de vue et \u00e9largissons les limites de notre tol\u00e9rance. Cela peut \u00eatre plus productif que n&rsquo;importe quel succ\u00e8s scientifique ou progr\u00e8s technologique. En fait, ce n&rsquo;est pas si compliqu\u00e9, et pourtant : c&rsquo;est \u00e0 nous de le faire !        <\/p>\n<p><strong>Couleurs<\/strong> : neutre, gris\/argent\u00e9 teint\u00e9 de mani\u00e8re raffin\u00e9e, froid, sophistiqu\u00e9, monochrome<\/p>\n<p><strong>Mati\u00e8res<\/strong> : fluides, froides, eau, neige<\/p>\n<p><strong>Surfaces<\/strong> : soyeuses et scintillantes, fort flop, pigmentation haut de gamme<\/p>\n                        <\/div>\r\n\r\n                    \r\n                                                        <\/div>\r\n                        <\/div>\r\n\r\n\r\n\r\n\r\n\n\n\n<div style=\"height:100px\" aria-hidden=\"true\" class=\"wp-block-spacer\"><\/div>\n\n\n\n\n<script>\n    jQuery(document).ready(function($) {\n        if ($(window).width() >= 1260) {\n            setTimeout(smooooooooth, 250);\n        }\n        $(window).on(\"resize\", function () {\n            if ($(window).width() >= 1260) {\n                smooooooooth()\n            }\n            else {\n                $('.bild-modul-1-3-quicklink-container-single .content').css('bottom', 0);\n            }\n        })\n        function smooooooooth() {\n            $('.bild-modul-1-3-quicklink-container-single').each(function () {\n                teasHeight = $(this).find('.semi-normal-font').outerHeight() * -1;\n                $(this).find('.content').css('bottom', teasHeight);\n            });\n        }\n    });\n<\/script>\n\n\n<div id=\"bild-modul-1-3-quicklink-block_f731cf1a7b4765f5be63394e0385579d\" class=\"bild-modul-1-3-quicklink-container inner\">\n    <div class=\"custom-flex-box flex-mobile no-margin\">\n                    \n                                                    <a href=\"https:\/\/www.berlac.ch\/specials\/trend-colors\/the-wild-ride\/\" class=\"flex-box-thirty flex-mobile-fifty single-box reveal reveal-bottom bild-modul-1-3-quicklink-container-single\">\n                \n                        <div class=\"content\">\n                            <h3>The Wild Ride<\/h3>\n                            <p class=\"semi-normal-font\"><\/p>\n                        <\/div>\n                        <div class=\"gradient\"><\/div>\n                                                                                                    <img decoding=\"async\" width=\"519\" height=\"362\" src=\"https:\/\/www.berlac.ch\/wp-content\/uploads\/sites\/5\/2022\/10\/thewildride.png\" class=\"attachment-bild-modul-1-3-quicklink-bild size-bild-modul-1-3-quicklink-bild\" alt=\"\" srcset=\"https:\/\/www.berlac.ch\/wp-content\/uploads\/sites\/5\/2022\/10\/thewildride.png 519w, https:\/\/www.berlac.ch\/wp-content\/uploads\/sites\/5\/2022\/10\/thewildride-300x209.png 300w\" sizes=\"(max-width: 519px) 100vw, 519px\" \/>                        \n                                    <\/a>\n                \n            \n                                                    <a href=\"https:\/\/www.berlac.ch\/specials\/trend-colors\/delicious-provocation\/\" class=\"flex-box-thirty flex-mobile-fifty single-box reveal reveal-bottom bild-modul-1-3-quicklink-container-single\">\n                \n                        <div class=\"content\">\n                            <h3>Delicious Provocation<\/h3>\n                            <p class=\"semi-normal-font\"><\/p>\n                        <\/div>\n                        <div class=\"gradient\"><\/div>\n                                                                                                    <img decoding=\"async\" width=\"519\" height=\"362\" src=\"https:\/\/www.berlac.ch\/wp-content\/uploads\/sites\/5\/2022\/10\/deliciousprovocation.png\" class=\"attachment-bild-modul-1-3-quicklink-bild size-bild-modul-1-3-quicklink-bild\" alt=\"\" srcset=\"https:\/\/www.berlac.ch\/wp-content\/uploads\/sites\/5\/2022\/10\/deliciousprovocation.png 519w, https:\/\/www.berlac.ch\/wp-content\/uploads\/sites\/5\/2022\/10\/deliciousprovocation-300x209.png 300w\" sizes=\"(max-width: 519px) 100vw, 519px\" \/>                        \n                                    <\/a>\n                \n            \n                                                    <a href=\"https:\/\/www.berlac.ch\/specials\/trend-colors\/work-in-progress\/\" class=\"flex-box-thirty flex-mobile-fifty single-box reveal reveal-bottom bild-modul-1-3-quicklink-container-single\">\n                \n                        <div class=\"content\">\n                            <h3>Work in Progress<\/h3>\n                            <p class=\"semi-normal-font\"><\/p>\n                        <\/div>\n                        <div class=\"gradient\"><\/div>\n                                                                                                    <img decoding=\"async\" width=\"519\" height=\"362\" src=\"https:\/\/www.berlac.ch\/wp-content\/uploads\/sites\/5\/2022\/10\/workinprogress.png\" class=\"attachment-bild-modul-1-3-quicklink-bild size-bild-modul-1-3-quicklink-bild\" alt=\"\" srcset=\"https:\/\/www.berlac.ch\/wp-content\/uploads\/sites\/5\/2022\/10\/workinprogress.png 519w, https:\/\/www.berlac.ch\/wp-content\/uploads\/sites\/5\/2022\/10\/workinprogress-300x209.png 300w\" sizes=\"(max-width: 519px) 100vw, 519px\" \/>                        \n                                    <\/a>\n                \n            \n                                                    <a href=\"https:\/\/www.berlac.ch\/specials\/trend-colors\/\" class=\"flex-box-thirty flex-mobile-fifty single-box reveal reveal-bottom bild-modul-1-3-quicklink-container-single\">\n                \n                        <div class=\"content\">\n                            <h3>Nos Trend Colors EIII<\/h3>\n                            <p class=\"semi-normal-font\"><\/p>\n                        <\/div>\n                        <div class=\"gradient\"><\/div>\n                                                                                                    <img decoding=\"async\" width=\"519\" height=\"380\" src=\"https:\/\/www.berlac.ch\/wp-content\/uploads\/sites\/5\/2022\/12\/Berlac-TrendColors-947x596px-519x380.jpg\" class=\"attachment-bild-modul-1-3-quicklink-bild size-bild-modul-1-3-quicklink-bild\" alt=\"\" \/>                        \n                                    <\/a>\n                \n                        <\/div>\n<\/div>\n\n\n<div style=\"height:100px\" aria-hidden=\"true\" class=\"wp-block-spacer\"><\/div>\n\n\n\r\n\r\n<div id=\"bild-text-stoerer-block_637dea5839b27\" class=\"stoerer-container  reveal\" style=\"background-image: url('https:\/\/www.berlac.ch\/wp-content\/uploads\/sites\/5\/2023\/02\/HG_Auberginge_Diagonal_pos_19220x800px.jpg');\">\r\n\r\n\r\n        <div class=\"inner\">\r\n        <div class=\"stoerer-text-area\">\r\n                            <div class=\"headline-container reveal reveal-left\">\r\n                    <div class=\"headline-box\"><\/div>\r\n                    <h2 >Vous avez une id\u00e9e exclusive, mais pas encore de solution ?<\/h2>\r\n                <\/div>\r\n                <div class=\"normal-font reveal reveal-left\">\r\n                    <p>Nous sommes l\u00e0 pour vous aider ! Car nous aimons les d\u00e9fis extraordinaires. Faites-nous en part !<\/p>\n                <\/div>\r\n                                                <div class=\"reveal reveal-left\" style=\"margin-top: 30px;\">\r\n                    <a href=\"https:\/\/www.berlac.ch\/fr\/a-propos-de-nous\/contact\/\" target=\"\" class=\"load-more-button white-button\">Discutons ensemble de votre id\u00e9e<\/a>\r\n                <\/div>\r\n                                    <\/div>\r\n    <\/div>\r\n    \r\n\r\n                        <div class=\"stoerer-bild-area  reveal reveal-right\">\r\n                                                                                                        <\/div>\r\n            \r\n\r\n\r\n\r\n<\/div>\n\n\n<div style=\"height:100px\" aria-hidden=\"true\" class=\"wp-block-spacer\"><\/div>\n\n\n\r\n<div id=\"bild-modul-1-2-quicklink-block_f275822ddfa04bd2442990f81c43f5c1\" class=\"bild-modul-1-2-quicklink-container inner\">\r\n    <div class=\"custom-flex-box flex-mobile\">\r\n                    \r\n        \r\n                                                    <a href=\"https:\/\/www.berlac.ch\/fr\/a-propos-de-nous\/\" class=\"flex-box-fifty flex-mobile-fifty single-box reveal reveal-bottom\">\r\n                \r\n                        <div class=\"content\">\r\n                            <h3>\u00c0 PROPOS DE NOUS <\/h3>\r\n                        <\/div>\r\n                        <div class=\"gradient\"><\/div>\r\n\r\n                                                                                                                                            <img decoding=\"async\" width=\"800\" height=\"520\" src=\"https:\/\/www.berlac.ch\/wp-content\/uploads\/sites\/5\/2023\/02\/Berlac-Firmensitz-800x520.jpg\" class=\"attachment-bild-modul-1-2-quicklink-bild size-bild-modul-1-2-quicklink-bild\" alt=\"\" \/>                                                    \r\n\r\n\r\n                                    <\/a>\r\n                \r\n            \r\n        \r\n                                                    <a href=\"https:\/\/www.berlac.ch\/fr\/durabilite\/\" class=\"flex-box-fifty flex-mobile-fifty single-box reveal reveal-bottom\">\r\n                \r\n                        <div class=\"content\">\r\n                            <h3>Durabilit\u00e9<\/h3>\r\n                        <\/div>\r\n                        <div class=\"gradient\"><\/div>\r\n\r\n                                                                                                                                            <img decoding=\"async\" width=\"800\" height=\"520\" src=\"https:\/\/www.berlac.ch\/wp-content\/uploads\/sites\/5\/2022\/10\/Rechteck-1776-800x520.png\" class=\"attachment-bild-modul-1-2-quicklink-bild size-bild-modul-1-2-quicklink-bild\" alt=\"\" \/>                                                    \r\n\r\n\r\n                                    <\/a>\r\n                \r\n                        <\/div>\r\n<\/div>\n\n\n<div style=\"height:0px\" aria-hidden=\"true\" class=\"wp-block-spacer\"><\/div>\n","protected":false},"excerpt":{"rendered":"","protected":false},"author":9,"featured_media":0,"parent":8009,"menu_order":0,"comment_status":"closed","ping_status":"closed","template":"","meta":{"_acf_changed":false,"footnotes":""},"class_list":["post-8015","page","type-page","status-publish","hentry"],"acf":[],"_links":{"self":[{"href":"https:\/\/www.berlac.ch\/fr\/wp-json\/wp\/v2\/pages\/8015","targetHints":{"allow":["GET"]}}],"collection":[{"href":"https:\/\/www.berlac.ch\/fr\/wp-json\/wp\/v2\/pages"}],"about":[{"href":"https:\/\/www.berlac.ch\/fr\/wp-json\/wp\/v2\/types\/page"}],"author":[{"embeddable":true,"href":"https:\/\/www.berlac.ch\/fr\/wp-json\/wp\/v2\/users\/9"}],"replies":[{"embeddable":true,"href":"https:\/\/www.berlac.ch\/fr\/wp-json\/wp\/v2\/comments?post=8015"}],"version-history":[{"count":2,"href":"https:\/\/www.berlac.ch\/fr\/wp-json\/wp\/v2\/pages\/8015\/revisions"}],"predecessor-version":[{"id":12769,"href":"https:\/\/www.berlac.ch\/fr\/wp-json\/wp\/v2\/pages\/8015\/revisions\/12769"}],"up":[{"embeddable":true,"href":"https:\/\/www.berlac.ch\/fr\/wp-json\/wp\/v2\/pages\/8009"}],"wp:attachment":[{"href":"https:\/\/www.berlac.ch\/fr\/wp-json\/wp\/v2\/media?parent=8015"}],"curies":[{"name":"wp","href":"https:\/\/api.w.org\/{rel}","templated":true}]}}