{"id":8013,"date":"2022-10-10T17:02:53","date_gmt":"2022-10-10T15:02:53","guid":{"rendered":"https:\/\/www.berlac.ch\/speciales\/trend-colors-eiii\/the-wild-ride\/"},"modified":"2024-10-14T15:55:11","modified_gmt":"2024-10-14T13:55:11","slug":"the-wild-ride","status":"publish","type":"page","link":"https:\/\/www.berlac.ch\/fr\/speciales\/trend-colors-eiii\/the-wild-ride\/","title":{"rendered":"The wild ride"},"content":{"rendered":"\n\n<div id=\"header-statisch-block_b87653134a6f2c9bd29ed262d010ab8d\" class=\"header-bild-statisch reveal\">\n    <img decoding=\"async\" width=\"1920\" height=\"800\" src=\"https:\/\/www.berlac.ch\/wp-content\/uploads\/sites\/5\/2024\/10\/thewildride1.jpg\" class=\"attachment-image-big size-image-big\" alt=\"\" srcset=\"https:\/\/www.berlac.ch\/wp-content\/uploads\/sites\/5\/2024\/10\/thewildride1.jpg 1920w, https:\/\/www.berlac.ch\/wp-content\/uploads\/sites\/5\/2024\/10\/thewildride1-300x125.jpg 300w, https:\/\/www.berlac.ch\/wp-content\/uploads\/sites\/5\/2024\/10\/thewildride1-1024x427.jpg 1024w, https:\/\/www.berlac.ch\/wp-content\/uploads\/sites\/5\/2024\/10\/thewildride1-768x320.jpg 768w, https:\/\/www.berlac.ch\/wp-content\/uploads\/sites\/5\/2024\/10\/thewildride1-1536x640.jpg 1536w, https:\/\/www.berlac.ch\/wp-content\/uploads\/sites\/5\/2024\/10\/thewildride1-519x216.jpg 519w\" sizes=\"(max-width: 1920px) 100vw, 1920px\" \/><\/div>\n\n\n\r\n\r\n\r\n\r\n<div id=\"header-ueberschrift-text-block_a8d52b09aff2c036c1a62e764a4f30de\" class=\"header-ueberschrift-text-container\">\r\n\r\n    <div class=\"header-contact reveal reveal-right\">\r\n\r\n                    <a href=\"tel:+41619769010\">\r\n                <div class=\"contact-box telefon-box\">\r\n                    <svg id=\"local_phone-24px\" xmlns=\"http:\/\/www.w3.org\/2000\/svg\" viewBox=\"0 0 60 60\">\r\n                        <path id=\"Pfad_4337\" data-name=\"Pfad 4337\" d=\"M0,0H60V60H0Z\" fill=\"none\"\/>\r\n                        <path id=\"Pfad_4338\" data-name=\"Pfad 4338\" d=\"M13.86,26.37A45.446,45.446,0,0,0,33.63,46.14l6.6-6.6a2.983,2.983,0,0,1,3.06-.72A34.221,34.221,0,0,0,54,40.53a3.009,3.009,0,0,1,3,3V54a3.009,3.009,0,0,1-3,3A51,51,0,0,1,3,6,3.009,3.009,0,0,1,6,3H16.5a3.009,3.009,0,0,1,3,3,34.081,34.081,0,0,0,1.71,10.71,3.011,3.011,0,0,1-.75,3.06Z\"\/>\r\n                    <\/svg>\r\n                <\/div>\r\n            <\/a>\r\n            <a href=\"mailto:in**@****ac.ch\" data-original-string=\"cZ9\/4FPr8opFt9wV8pSHdQ==301xxjW7iL6xbaGqYTZA\/L4aA==\" title=\"This contact has been encoded by Anti-Spam by CleanTalk. Click to decode. To finish the decoding make sure that JavaScript is enabled in your browser.\">\r\n                <div class=\"contact-box mail-box\">\r\n                    <svg xmlns=\"http:\/\/www.w3.org\/2000\/svg\" viewBox=\"0 0 60 60\">\r\n                        <path id=\"Pfad_4340\" data-name=\"Pfad 4340\" d=\"M56,4H8a5.992,5.992,0,0,0-5.97,6L2,46a6.018,6.018,0,0,0,6,6H56a6.018,6.018,0,0,0,6-6V10A6.018,6.018,0,0,0,56,4Zm0,12L32,31,8,16V10L32,25,56,10Z\" transform=\"translate(-2 0)\"\/>\r\n                    <\/svg>\r\n                <\/div>\r\n            <\/a>\r\n            <\/div>\r\n\r\n    <div class=\"headline-container reveal reveal-bottom\">\r\n        <h1 class=\"headline-border-left-right\">The wild ride<\/h1>\r\n    <\/div>\r\n\r\n    \r\n                                    <div class=\"inner\">\r\n                    \r\n                                                                    <div class=\"normal-font reveal reveal-bottom long-width  \">\r\n                            <p>Tout comme Ulysse lors de son long et p\u00e9rilleux voyage, nous sommes confront\u00e9s chaque jour \u00e0 de nouvelles et difficiles contraintes. L&rsquo;exp\u00e9rience succ\u00e8de \u00e0 l&rsquo;exp\u00e9rience. En nous confrontant en permanence \u00e0 l&rsquo;inconnu, nous d\u00e9veloppons un comportement pr\u00e9voyant afin de pouvoir faire face de mani\u00e8re proactive \u00e0 nos \u00ab\u00a0d\u00e9mons\u00a0\u00bb actuels que sont le changement climatique, les catastrophes environnementales, les pand\u00e9mies, les crises migratoires et les crises \u00e9conomiques en proposant des solutions cr\u00e9atives. Pour ce faire, il est indispensable de se confronter de mani\u00e8re critique aux autres \u00ab\u00a0compagnons de route\u00a0\u00bb et de les comprendre. De cette mani\u00e8re, nous d\u00e9veloppons des strat\u00e9gies pour travailler ensemble et aller de l&rsquo;avant.    <\/p>\n<p><strong>Couleurs<\/strong> : brillantes, vives, pures, sans fioritures, claires et fra\u00eeches, unies.<\/p>\n<p><strong>Mat\u00e9riaux<\/strong> : durs, froids, \u00e0 pores fins, c\u00e9ramiques<\/p>\n<p><strong>Surfaces<\/strong> : mates ou satin\u00e9es, effets tr\u00e8s fins avec peu de flops<\/p>\n                        <\/div>\r\n\r\n                    \r\n                                                        <\/div>\r\n                        <\/div>\r\n\r\n\r\n\r\n\r\n\n\n\n<div style=\"height:100px\" aria-hidden=\"true\" class=\"wp-block-spacer\"><\/div>\n\n\n\n\n<script>\n    jQuery(document).ready(function($) {\n        if ($(window).width() >= 1260) {\n            setTimeout(smooooooooth, 250);\n        }\n        $(window).on(\"resize\", function () {\n            if ($(window).width() >= 1260) {\n                smooooooooth()\n            }\n            else {\n                $('.bild-modul-1-3-quicklink-container-single .content').css('bottom', 0);\n            }\n        })\n        function smooooooooth() {\n            $('.bild-modul-1-3-quicklink-container-single').each(function () {\n                teasHeight = $(this).find('.semi-normal-font').outerHeight() * -1;\n                $(this).find('.content').css('bottom', teasHeight);\n            });\n        }\n    });\n<\/script>\n\n\n<div id=\"bild-modul-1-3-quicklink-block_fe97b286ca5eb49ab2875dcac504c6cd\" class=\"bild-modul-1-3-quicklink-container inner\">\n    <div class=\"custom-flex-box flex-mobile no-margin\">\n                    \n                                                    <a href=\"https:\/\/www.berlac.ch\/specials\/trend-colors\/delicious-provocation\/\" class=\"flex-box-thirty flex-mobile-fifty single-box reveal reveal-bottom bild-modul-1-3-quicklink-container-single\">\n                \n                        <div class=\"content\">\n                            <h3>Delicious provocation<\/h3>\n                            <p class=\"semi-normal-font\"><\/p>\n                        <\/div>\n                        <div class=\"gradient\"><\/div>\n                                                                                                    <img decoding=\"async\" width=\"519\" height=\"362\" src=\"https:\/\/www.berlac.ch\/wp-content\/uploads\/sites\/5\/2022\/10\/deliciousprovocation.png\" class=\"attachment-bild-modul-1-3-quicklink-bild size-bild-modul-1-3-quicklink-bild\" alt=\"\" srcset=\"https:\/\/www.berlac.ch\/wp-content\/uploads\/sites\/5\/2022\/10\/deliciousprovocation.png 519w, https:\/\/www.berlac.ch\/wp-content\/uploads\/sites\/5\/2022\/10\/deliciousprovocation-300x209.png 300w\" sizes=\"(max-width: 519px) 100vw, 519px\" \/>                        \n                                    <\/a>\n                \n            \n                                                    <a href=\"https:\/\/www.berlac.ch\/specials\/trend-colors\/work-in-progress\/\" class=\"flex-box-thirty flex-mobile-fifty single-box reveal reveal-bottom bild-modul-1-3-quicklink-container-single\">\n                \n                        <div class=\"content\">\n                            <h3>Work in progress<\/h3>\n                            <p class=\"semi-normal-font\"><\/p>\n                        <\/div>\n                        <div class=\"gradient\"><\/div>\n                                                                                                    <img decoding=\"async\" width=\"519\" height=\"362\" src=\"https:\/\/www.berlac.ch\/wp-content\/uploads\/sites\/5\/2022\/10\/workinprogress.png\" class=\"attachment-bild-modul-1-3-quicklink-bild size-bild-modul-1-3-quicklink-bild\" alt=\"\" srcset=\"https:\/\/www.berlac.ch\/wp-content\/uploads\/sites\/5\/2022\/10\/workinprogress.png 519w, https:\/\/www.berlac.ch\/wp-content\/uploads\/sites\/5\/2022\/10\/workinprogress-300x209.png 300w\" sizes=\"(max-width: 519px) 100vw, 519px\" \/>                        \n                                    <\/a>\n                \n            \n                                                    <a href=\"https:\/\/www.berlac.ch\/specials\/trend-colors\/time-to-rest\/\" class=\"flex-box-thirty flex-mobile-fifty single-box reveal reveal-bottom bild-modul-1-3-quicklink-container-single\">\n                \n                        <div class=\"content\">\n                            <h3>Time to rest<\/h3>\n                            <p class=\"semi-normal-font\"><\/p>\n                        <\/div>\n                        <div class=\"gradient\"><\/div>\n                                                                                                    <img decoding=\"async\" width=\"519\" height=\"362\" src=\"https:\/\/www.berlac.ch\/wp-content\/uploads\/sites\/5\/2022\/10\/timetorest.png\" class=\"attachment-bild-modul-1-3-quicklink-bild size-bild-modul-1-3-quicklink-bild\" alt=\"\" srcset=\"https:\/\/www.berlac.ch\/wp-content\/uploads\/sites\/5\/2022\/10\/timetorest.png 519w, https:\/\/www.berlac.ch\/wp-content\/uploads\/sites\/5\/2022\/10\/timetorest-300x209.png 300w\" sizes=\"(max-width: 519px) 100vw, 519px\" \/>                        \n                                    <\/a>\n                \n            \n                                                    <a href=\"https:\/\/www.berlac.ch\/specials\/trend-colors\/\" class=\"flex-box-thirty flex-mobile-fifty single-box reveal reveal-bottom bild-modul-1-3-quicklink-container-single\">\n                \n                        <div class=\"content\">\n                            <h3>Nos Trend Colors EIII<\/h3>\n                            <p class=\"semi-normal-font\"><\/p>\n                        <\/div>\n                        <div class=\"gradient\"><\/div>\n                                                                                                    <img decoding=\"async\" width=\"519\" height=\"380\" src=\"https:\/\/www.berlac.ch\/wp-content\/uploads\/sites\/5\/2022\/12\/Berlac-TrendColors-947x596px-519x380.jpg\" class=\"attachment-bild-modul-1-3-quicklink-bild size-bild-modul-1-3-quicklink-bild\" alt=\"\" \/>                        \n                                    <\/a>\n                \n                        <\/div>\n<\/div>\n\n\n<div style=\"height:100px\" aria-hidden=\"true\" class=\"wp-block-spacer\"><\/div>\n\n\n\r\n\r\n<div id=\"bild-text-stoerer-block_637dea5839b27\" class=\"stoerer-container  reveal\" style=\"background-image: url('https:\/\/www.berlac.ch\/wp-content\/uploads\/sites\/5\/2023\/02\/HG_Auberginge_Diagonal_pos_19220x800px.jpg');\">\r\n\r\n\r\n        <div class=\"inner\">\r\n        <div class=\"stoerer-text-area\">\r\n                            <div class=\"headline-container reveal reveal-left\">\r\n                    <div class=\"headline-box\"><\/div>\r\n                    <h2 >Vous avez une id\u00e9e exclusive, mais pas encore de solution ?<\/h2>\r\n                <\/div>\r\n                <div class=\"normal-font reveal reveal-left\">\r\n                    <p>Nous sommes l\u00e0 pour vous aider ! Car nous aimons les d\u00e9fis extraordinaires. Faites-nous en part !<\/p>\n                <\/div>\r\n                                                <div class=\"reveal reveal-left\" style=\"margin-top: 30px;\">\r\n                    <a href=\"https:\/\/www.berlac.ch\/fr\/a-propos-de-nous\/contact\/\" target=\"\" class=\"load-more-button white-button\">Discutons ensemble de votre id\u00e9e<\/a>\r\n                <\/div>\r\n                                    <\/div>\r\n    <\/div>\r\n    \r\n\r\n                        <div class=\"stoerer-bild-area  reveal reveal-right\">\r\n                                                                                                        <\/div>\r\n            \r\n\r\n\r\n\r\n<\/div>\n\n\n<div style=\"height:100px\" aria-hidden=\"true\" class=\"wp-block-spacer\"><\/div>\n\n\n\r\n<div id=\"bild-modul-1-2-quicklink-block_afc138d541a14f215ff34afca5d9122a\" class=\"bild-modul-1-2-quicklink-container inner\">\r\n    <div class=\"custom-flex-box flex-mobile\">\r\n                    \r\n        \r\n                                                    <a href=\"https:\/\/www.berlac.ch\/fr\/a-propos-de-nous\/\" class=\"flex-box-fifty flex-mobile-fifty single-box reveal reveal-bottom\">\r\n                \r\n                        <div class=\"content\">\r\n                            <h3>\u00c0 PROPOS DE NOUS <\/h3>\r\n                        <\/div>\r\n                        <div class=\"gradient\"><\/div>\r\n\r\n                                                                                                                                            <img decoding=\"async\" width=\"800\" height=\"520\" src=\"https:\/\/www.berlac.ch\/wp-content\/uploads\/sites\/5\/2023\/02\/Berlac-Firmensitz-800x520.jpg\" class=\"attachment-bild-modul-1-2-quicklink-bild size-bild-modul-1-2-quicklink-bild\" alt=\"\" \/>                                                    \r\n\r\n\r\n                                    <\/a>\r\n                \r\n            \r\n        \r\n                                                    <a href=\"https:\/\/www.berlac.ch\/fr\/durabilite\/\" class=\"flex-box-fifty flex-mobile-fifty single-box reveal reveal-bottom\">\r\n                \r\n                        <div class=\"content\">\r\n                            <h3>Durabilit\u00e9<\/h3>\r\n                        <\/div>\r\n                        <div class=\"gradient\"><\/div>\r\n\r\n                                                                                                                                            <img decoding=\"async\" width=\"800\" height=\"520\" src=\"https:\/\/www.berlac.ch\/wp-content\/uploads\/sites\/5\/2022\/10\/Rechteck-1776-800x520.png\" class=\"attachment-bild-modul-1-2-quicklink-bild size-bild-modul-1-2-quicklink-bild\" alt=\"\" \/>                                                    \r\n\r\n\r\n                                    <\/a>\r\n                \r\n                        <\/div>\r\n<\/div>\n\n\n<div style=\"height:0px\" aria-hidden=\"true\" class=\"wp-block-spacer\"><\/div>\n","protected":false},"excerpt":{"rendered":"","protected":false},"author":9,"featured_media":0,"parent":8009,"menu_order":0,"comment_status":"closed","ping_status":"closed","template":"","meta":{"_acf_changed":false,"footnotes":""},"class_list":["post-8013","page","type-page","status-publish","hentry"],"acf":[],"_links":{"self":[{"href":"https:\/\/www.berlac.ch\/fr\/wp-json\/wp\/v2\/pages\/8013","targetHints":{"allow":["GET"]}}],"collection":[{"href":"https:\/\/www.berlac.ch\/fr\/wp-json\/wp\/v2\/pages"}],"about":[{"href":"https:\/\/www.berlac.ch\/fr\/wp-json\/wp\/v2\/types\/page"}],"author":[{"embeddable":true,"href":"https:\/\/www.berlac.ch\/fr\/wp-json\/wp\/v2\/users\/9"}],"replies":[{"embeddable":true,"href":"https:\/\/www.berlac.ch\/fr\/wp-json\/wp\/v2\/comments?post=8013"}],"version-history":[{"count":2,"href":"https:\/\/www.berlac.ch\/fr\/wp-json\/wp\/v2\/pages\/8013\/revisions"}],"predecessor-version":[{"id":12876,"href":"https:\/\/www.berlac.ch\/fr\/wp-json\/wp\/v2\/pages\/8013\/revisions\/12876"}],"up":[{"embeddable":true,"href":"https:\/\/www.berlac.ch\/fr\/wp-json\/wp\/v2\/pages\/8009"}],"wp:attachment":[{"href":"https:\/\/www.berlac.ch\/fr\/wp-json\/wp\/v2\/media?parent=8013"}],"curies":[{"name":"wp","href":"https:\/\/api.w.org\/{rel}","templated":true}]}}