{"id":8009,"date":"2022-10-10T16:47:18","date_gmt":"2022-10-10T14:47:18","guid":{"rendered":"https:\/\/www.berlac.ch\/speciales\/trend-colors-eiii\/"},"modified":"2023-08-30T10:11:47","modified_gmt":"2023-08-30T08:11:47","slug":"trend-colors-eiii","status":"publish","type":"page","link":"https:\/\/www.berlac.ch\/fr\/speciales\/trend-colors-eiii\/","title":{"rendered":"Trend Colors EIII"},"content":{"rendered":"\n\n<div id=\"header-statisch-block_62ff427bff1b0\" class=\"header-bild-statisch reveal\">\n    <img decoding=\"async\" width=\"1920\" height=\"800\" src=\"https:\/\/www.berlac.ch\/wp-content\/uploads\/sites\/5\/2022\/12\/Berlac-TrendColors-Header-1920x800px.jpg\" class=\"attachment-image-big size-image-big\" alt=\"\" srcset=\"https:\/\/www.berlac.ch\/wp-content\/uploads\/sites\/5\/2022\/12\/Berlac-TrendColors-Header-1920x800px.jpg 1920w, https:\/\/www.berlac.ch\/wp-content\/uploads\/sites\/5\/2022\/12\/Berlac-TrendColors-Header-1920x800px-300x125.jpg 300w, https:\/\/www.berlac.ch\/wp-content\/uploads\/sites\/5\/2022\/12\/Berlac-TrendColors-Header-1920x800px-1024x427.jpg 1024w, https:\/\/www.berlac.ch\/wp-content\/uploads\/sites\/5\/2022\/12\/Berlac-TrendColors-Header-1920x800px-768x320.jpg 768w, https:\/\/www.berlac.ch\/wp-content\/uploads\/sites\/5\/2022\/12\/Berlac-TrendColors-Header-1920x800px-1536x640.jpg 1536w, https:\/\/www.berlac.ch\/wp-content\/uploads\/sites\/5\/2022\/12\/Berlac-TrendColors-Header-1920x800px-519x216.jpg 519w\" sizes=\"(max-width: 1920px) 100vw, 1920px\" \/><\/div>\n\r\n\r\n\r\n\r\n<div id=\"header-ueberschrift-text-block_62e795947c3cf\" class=\"header-ueberschrift-text-container\">\r\n\r\n    <div class=\"header-contact reveal reveal-right\">\r\n\r\n                    <a href=\"tel:+41619769010\">\r\n                <div class=\"contact-box telefon-box\">\r\n                    <svg id=\"local_phone-24px\" xmlns=\"http:\/\/www.w3.org\/2000\/svg\" viewBox=\"0 0 60 60\">\r\n                        <path id=\"Pfad_4337\" data-name=\"Pfad 4337\" d=\"M0,0H60V60H0Z\" fill=\"none\"\/>\r\n                        <path id=\"Pfad_4338\" data-name=\"Pfad 4338\" d=\"M13.86,26.37A45.446,45.446,0,0,0,33.63,46.14l6.6-6.6a2.983,2.983,0,0,1,3.06-.72A34.221,34.221,0,0,0,54,40.53a3.009,3.009,0,0,1,3,3V54a3.009,3.009,0,0,1-3,3A51,51,0,0,1,3,6,3.009,3.009,0,0,1,6,3H16.5a3.009,3.009,0,0,1,3,3,34.081,34.081,0,0,0,1.71,10.71,3.011,3.011,0,0,1-.75,3.06Z\"\/>\r\n                    <\/svg>\r\n                <\/div>\r\n            <\/a>\r\n            <a href=\"mailto:in**@****ac.ch\" data-original-string=\"XMfXTpQOkOcQ0chnAI09Tg==301uLlFqkK\/qLcKmsr97xQRDQ==\" title=\"This contact has been encoded by Anti-Spam by CleanTalk. Click to decode. To finish the decoding make sure that JavaScript is enabled in your browser.\">\r\n                <div class=\"contact-box mail-box\">\r\n                    <svg xmlns=\"http:\/\/www.w3.org\/2000\/svg\" viewBox=\"0 0 60 60\">\r\n                        <path id=\"Pfad_4340\" data-name=\"Pfad 4340\" d=\"M56,4H8a5.992,5.992,0,0,0-5.97,6L2,46a6.018,6.018,0,0,0,6,6H56a6.018,6.018,0,0,0,6-6V10A6.018,6.018,0,0,0,56,4Zm0,12L32,31,8,16V10L32,25,56,10Z\" transform=\"translate(-2 0)\"\/>\r\n                    <\/svg>\r\n                <\/div>\r\n            <\/a>\r\n            <\/div>\r\n\r\n    <div class=\"headline-container reveal reveal-bottom\">\r\n        <h1 class=\"headline-border-left-right\">Nos Trend Colors EIII<\/h1>\r\n    <\/div>\r\n\r\n    \r\n                                    <div class=\"inner\">\r\n                    \r\n                                                                    <div class=\"normal-font reveal reveal-bottom long-width  \">\r\n                            <p>Celui qui, comme nous, s&rsquo;occupe des couleurs, s&rsquo;int\u00e9resse automatiquement \u00e0 l&rsquo;\u00e9volution de la soci\u00e9t\u00e9. Pour nous, experts en couleurs, une observation pr\u00e9cise est essentielle. En effet, les changements observ\u00e9s nous permettent de pr\u00e9voir les \u00e9volutions futures. <\/p>\n<p>\u00c0 l&rsquo;aide d&rsquo;images, de descriptions textuelles et bien s\u00fbr de huit couleurs, nos <strong>Trend Colors EIII<\/strong> illustrent <strong>les quatre mondes passionnants de notre \u00ab\u00a0promised odyssey\u00a0\u00bb.<\/strong><\/p>\n<p>Nous vivons \u00e0 une \u00e9poque o\u00f9 les enjeux sont importants. O\u00f9 que nous nous tournions, il y a partout de nouveaux d\u00e9fis \u00e0 relever. Nous devons sauver notre plan\u00e8te, remettre en question notre mode de vie et nos valeurs et, le cas \u00e9ch\u00e9ant, bouleverser radicalement notre syst\u00e8me afin de l\u00e9guer aux g\u00e9n\u00e9rations futures un avenir s\u00fbr et vivable. Comme il est impossible de revenir en arri\u00e8re, nous estimons qu&rsquo;il est de notre responsabilit\u00e9 de nous engager courageusement sur des voies inconnues et d&rsquo;ouvrir sans cesse de nouvelles portes. Notre comp\u00e9tence, notre intelligence et notre force d&rsquo;innovation nous aident \u00e0 \u00e9laborer les solutions n\u00e9cessaires et \u00e0 ne plus rester prisonniers de ce qui existe et de ce qui est connu.    <\/p>\n<p>Nous sommes depuis longtemps engag\u00e9s dans cette odyss\u00e9e in\u00e9luctable, cette errance \u00e0 la fois effrayante, inspirante et passionnante. Nous n&rsquo;avons pas d&rsquo;autre choix que de tirer le meilleur parti de chaque situation, confiants et confiantes, comme nous l&rsquo;avons toujours fait depuis la nuit des temps. Peut-\u00eatre juste un peu plus intelligents, respectueux, tol\u00e9rants et pr\u00eats \u00e0 faire des compromis qu&rsquo;auparavant.  <\/p>\n                        <\/div>\r\n\r\n                    \r\n                                                        <\/div>\r\n                        <\/div>\r\n\r\n\r\n\r\n\r\n\n<div style=\"height:100px\" aria-hidden=\"true\" class=\"wp-block-spacer\"><\/div>\n\n\n<script>\n    jQuery(document).ready(function($) {\n        if ($(window).width() >= 1260) {\n            setTimeout(smooooooooth, 250);\n        }\n        $(window).on(\"resize\", function () {\n            if ($(window).width() >= 1260) {\n                smooooooooth()\n            }\n            else {\n                $('.bild-modul-1-3-quicklink-container-single .content').css('bottom', 0);\n            }\n        })\n        function smooooooooth() {\n            $('.bild-modul-1-3-quicklink-container-single').each(function () {\n                teasHeight = $(this).find('.semi-normal-font').outerHeight() * -1;\n                $(this).find('.content').css('bottom', teasHeight);\n            });\n        }\n    });\n<\/script>\n\n\n<div id=\"bild-modul-1-3-quicklink-block_62e7818de6b1d\" class=\"bild-modul-1-3-quicklink-container inner\">\n    <div class=\"custom-flex-box flex-mobile no-margin\">\n                    \n                                                    <a href=\"https:\/\/www.berlac.ch\/fr\/speciales\/trend-colors-eiii\/the-wild-ride\/\" class=\"flex-box-thirty flex-mobile-fifty single-box reveal reveal-bottom bild-modul-1-3-quicklink-container-single\">\n                \n                        <div class=\"content\">\n                            <h3>The wild ride<\/h3>\n                            <p class=\"semi-normal-font\"><\/p>\n                        <\/div>\n                        <div class=\"gradient\"><\/div>\n                                                                                                    <img decoding=\"async\" width=\"519\" height=\"362\" src=\"https:\/\/www.berlac.ch\/wp-content\/uploads\/sites\/5\/2022\/10\/thewildride.png\" class=\"attachment-bild-modul-1-3-quicklink-bild size-bild-modul-1-3-quicklink-bild\" alt=\"\" srcset=\"https:\/\/www.berlac.ch\/wp-content\/uploads\/sites\/5\/2022\/10\/thewildride.png 519w, https:\/\/www.berlac.ch\/wp-content\/uploads\/sites\/5\/2022\/10\/thewildride-300x209.png 300w\" sizes=\"(max-width: 519px) 100vw, 519px\" \/>                        \n                                    <\/a>\n                \n            \n                                                    <a href=\"https:\/\/www.berlac.ch\/fr\/speciales\/trend-colors-eiii\/delicious-provocation\/\" class=\"flex-box-thirty flex-mobile-fifty single-box reveal reveal-bottom bild-modul-1-3-quicklink-container-single\">\n                \n                        <div class=\"content\">\n                            <h3>Delicious provocation<\/h3>\n                            <p class=\"semi-normal-font\"><\/p>\n                        <\/div>\n                        <div class=\"gradient\"><\/div>\n                                                                                                    <img decoding=\"async\" width=\"519\" height=\"362\" src=\"https:\/\/www.berlac.ch\/wp-content\/uploads\/sites\/5\/2022\/10\/deliciousprovocation.png\" class=\"attachment-bild-modul-1-3-quicklink-bild size-bild-modul-1-3-quicklink-bild\" alt=\"\" srcset=\"https:\/\/www.berlac.ch\/wp-content\/uploads\/sites\/5\/2022\/10\/deliciousprovocation.png 519w, https:\/\/www.berlac.ch\/wp-content\/uploads\/sites\/5\/2022\/10\/deliciousprovocation-300x209.png 300w\" sizes=\"(max-width: 519px) 100vw, 519px\" \/>                        \n                                    <\/a>\n                \n            \n                                                    <a href=\"https:\/\/www.berlac.ch\/fr\/speciales\/trend-colors-eiii\/work-in-progress\/\" class=\"flex-box-thirty flex-mobile-fifty single-box reveal reveal-bottom bild-modul-1-3-quicklink-container-single\">\n                \n                        <div class=\"content\">\n                            <h3>Work in progress<\/h3>\n                            <p class=\"semi-normal-font\"><\/p>\n                        <\/div>\n                        <div class=\"gradient\"><\/div>\n                                                                                                    <img decoding=\"async\" width=\"519\" height=\"362\" src=\"https:\/\/www.berlac.ch\/wp-content\/uploads\/sites\/5\/2022\/10\/workinprogress.png\" class=\"attachment-bild-modul-1-3-quicklink-bild size-bild-modul-1-3-quicklink-bild\" alt=\"\" srcset=\"https:\/\/www.berlac.ch\/wp-content\/uploads\/sites\/5\/2022\/10\/workinprogress.png 519w, https:\/\/www.berlac.ch\/wp-content\/uploads\/sites\/5\/2022\/10\/workinprogress-300x209.png 300w\" sizes=\"(max-width: 519px) 100vw, 519px\" \/>                        \n                                    <\/a>\n                \n            \n                                                    <a href=\"https:\/\/www.berlac.ch\/fr\/speciales\/trend-colors-eiii\/time-to-rest\/\" class=\"flex-box-thirty flex-mobile-fifty single-box reveal reveal-bottom bild-modul-1-3-quicklink-container-single\">\n                \n                        <div class=\"content\">\n                            <h3>Time to rest<\/h3>\n                            <p class=\"semi-normal-font\"><\/p>\n                        <\/div>\n                        <div class=\"gradient\"><\/div>\n                                                                                                    <img decoding=\"async\" width=\"519\" height=\"362\" src=\"https:\/\/www.berlac.ch\/wp-content\/uploads\/sites\/5\/2022\/10\/timetorest.png\" class=\"attachment-bild-modul-1-3-quicklink-bild size-bild-modul-1-3-quicklink-bild\" alt=\"\" srcset=\"https:\/\/www.berlac.ch\/wp-content\/uploads\/sites\/5\/2022\/10\/timetorest.png 519w, https:\/\/www.berlac.ch\/wp-content\/uploads\/sites\/5\/2022\/10\/timetorest-300x209.png 300w\" sizes=\"(max-width: 519px) 100vw, 519px\" \/>                        \n                                    <\/a>\n                \n                        <\/div>\n<\/div>\n<div style=\"height:100px\" aria-hidden=\"true\" class=\"wp-block-spacer\"><\/div>\n\n<div style=\"height:100px\" aria-hidden=\"true\" class=\"wp-block-spacer\"><\/div>\n\n<div style=\"height:0px\" aria-hidden=\"true\" class=\"wp-block-spacer\"><\/div>\n\r\n<div id=\"bild-modul-1-2-quicklink-block_0e6ebacd3fb84f2b99c8ddbd3bd9b6b8\" class=\"bild-modul-1-2-quicklink-container inner\">\r\n    <div class=\"custom-flex-box flex-mobile\">\r\n                    \r\n        \r\n                                                    <a href=\"https:\/\/www.berlac.ch\/fr\/durabilite\/\" class=\"flex-box-fifty flex-mobile-fifty single-box reveal reveal-bottom\">\r\n                \r\n                        <div class=\"content\">\r\n                            <h3>Durabilit\u00e9<\/h3>\r\n                        <\/div>\r\n                        <div class=\"gradient\"><\/div>\r\n\r\n                                                                                                                                            <img decoding=\"async\" width=\"800\" height=\"520\" src=\"https:\/\/www.berlac.ch\/wp-content\/uploads\/sites\/5\/2022\/10\/Rechteck-1776-800x520.png\" class=\"attachment-bild-modul-1-2-quicklink-bild size-bild-modul-1-2-quicklink-bild\" alt=\"\" \/>                                                    \r\n\r\n\r\n                                    <\/a>\r\n                \r\n            \r\n        \r\n                                                    <a href=\"https:\/\/www.berlac.ch\/ueber-uns\/kontakt\/\" class=\"flex-box-fifty flex-mobile-fifty single-box reveal reveal-bottom\">\r\n                \r\n                        <div class=\"content\">\r\n                            <h3>Besoin d&rsquo;une solution personnalis\u00e9e ?<\/h3>\r\n                        <\/div>\r\n                        <div class=\"gradient\"><\/div>\r\n\r\n                                                                                                                                            <img decoding=\"async\" width=\"800\" height=\"520\" src=\"https:\/\/www.berlac.ch\/wp-content\/uploads\/sites\/5\/2023\/02\/Berlac-Individuelle-Loesung-800x520.jpg\" class=\"attachment-bild-modul-1-2-quicklink-bild size-bild-modul-1-2-quicklink-bild\" alt=\"\" \/>                                                    \r\n\r\n\r\n                                    <\/a>\r\n                \r\n                        <\/div>\r\n<\/div>","protected":false},"excerpt":{"rendered":"","protected":false},"author":9,"featured_media":0,"parent":8004,"menu_order":63,"comment_status":"closed","ping_status":"closed","template":"","meta":{"_acf_changed":false,"footnotes":""},"class_list":["post-8009","page","type-page","status-publish","hentry"],"acf":[],"_links":{"self":[{"href":"https:\/\/www.berlac.ch\/fr\/wp-json\/wp\/v2\/pages\/8009","targetHints":{"allow":["GET"]}}],"collection":[{"href":"https:\/\/www.berlac.ch\/fr\/wp-json\/wp\/v2\/pages"}],"about":[{"href":"https:\/\/www.berlac.ch\/fr\/wp-json\/wp\/v2\/types\/page"}],"author":[{"embeddable":true,"href":"https:\/\/www.berlac.ch\/fr\/wp-json\/wp\/v2\/users\/9"}],"replies":[{"embeddable":true,"href":"https:\/\/www.berlac.ch\/fr\/wp-json\/wp\/v2\/comments?post=8009"}],"version-history":[{"count":6,"href":"https:\/\/www.berlac.ch\/fr\/wp-json\/wp\/v2\/pages\/8009\/revisions"}],"predecessor-version":[{"id":8905,"href":"https:\/\/www.berlac.ch\/fr\/wp-json\/wp\/v2\/pages\/8009\/revisions\/8905"}],"up":[{"embeddable":true,"href":"https:\/\/www.berlac.ch\/fr\/wp-json\/wp\/v2\/pages\/8004"}],"wp:attachment":[{"href":"https:\/\/www.berlac.ch\/fr\/wp-json\/wp\/v2\/media?parent=8009"}],"curies":[{"name":"wp","href":"https:\/\/api.w.org\/{rel}","templated":true}]}}