{"id":7966,"date":"2022-10-10T14:03:29","date_gmt":"2022-10-10T12:03:29","guid":{"rendered":"https:\/\/www.berlac.ch\/secteurs-applications\/montres-bijoux\/"},"modified":"2024-03-21T11:17:59","modified_gmt":"2024-03-21T10:17:59","slug":"montres-bijoux","status":"publish","type":"page","link":"https:\/\/www.berlac.ch\/fr\/secteurs-applications\/montres-bijoux\/","title":{"rendered":"MONTRES &amp; BIJOUX"},"content":{"rendered":"\n<script type=\"application\/javascript\">\n    jQuery(document).ready(function ($) {\n        $('.bild-video-slider-fullwidth').slick({\n            infinite: true,\n            dots: false,\n            lazyLoad: 'ondemand',\n            autoplay: true,\n            arrows: true,\n            fade: false,\n            speed: 700,\n            pauseOnHover: true,\n            prevArrow: '<div class=\"slick-prev slick-button\"><div class=\"line-top line\"><\/div><div class=\"line-right line\"><\/div><div class=\"line-bottom line\"><\/div><div class=\"line-left line\"><\/div><\/div>',\n            nextArrow: '<div class=\"slick-next slick-button\"><div class=\"line-top line\"><\/div><div class=\"line-right line\"><\/div><div class=\"line-bottom line\"><\/div><div class=\"line-left line\"><\/div><\/div>',\n        });\n    });\n<\/script>\n\n\n<div id=\"header-bild-video-slider-fullwidth-block_f87fc1348b2c0de91598516ad91e2e87\" class=\"bild-video-slider-fullwidth reveal\">\n\t\n\t\t\t\n        \t\t\t\n\t\t\t<div class=\"bild-video-slider-fullwidth--slide img-vid-box\">\n\t\t\t\t\t\t\t\t\t\n\t\t\t\t\t\t\t\t\t\t\t\t\t\t\t\t\t\t\t\t\t<img decoding=\"async\" width=\"1920\" height=\"800\" src=\"https:\/\/www.berlac.ch\/wp-content\/uploads\/sites\/5\/2023\/01\/Berlac-Uhr-1920x800.jpeg\" class=\"attachment-image-big size-image-big\" alt=\"\" srcset=\"https:\/\/www.berlac.ch\/wp-content\/uploads\/sites\/5\/2023\/01\/Berlac-Uhr-1920x800.jpeg 1920w, https:\/\/www.berlac.ch\/wp-content\/uploads\/sites\/5\/2023\/01\/Berlac-Uhr-519x216.jpeg 519w\" sizes=\"(max-width: 1920px) 100vw, 1920px\" \/>\t\t\t\t\t\t\t\t\t\n\t\t\t\t\t\t\t<\/div>\n\t\t\n\t\t\n        \t\t\t\n\t\t\t<div class=\"bild-video-slider-fullwidth--slide img-vid-box\">\n\t\t\t\t\t\t\t\t\t\n\t\t\t\t\t\t\t\t\t\t\t\t\t\t\t\t\t\t\t\t\t<img decoding=\"async\" width=\"1920\" height=\"800\" src=\"https:\/\/www.berlac.ch\/wp-content\/uploads\/sites\/5\/2023\/06\/Berlac-Uhren-Schmuck-Header-1920x800.jpg\" class=\"attachment-image-big size-image-big\" alt=\"\" srcset=\"https:\/\/www.berlac.ch\/wp-content\/uploads\/sites\/5\/2023\/06\/Berlac-Uhren-Schmuck-Header-1920x800.jpg 1920w, https:\/\/www.berlac.ch\/wp-content\/uploads\/sites\/5\/2023\/06\/Berlac-Uhren-Schmuck-Header-519x216.jpg 519w\" sizes=\"(max-width: 1920px) 100vw, 1920px\" \/>\t\t\t\t\t\t\t\t\t\n\t\t\t\t\t\t\t<\/div>\n\t\t\n\t\t\t<\/div>\n\n\r\n\r\n\r\n\r\n<div id=\"header-ueberschrift-text-block_8c2344129846824ba625759a73bae4e4\" class=\"header-ueberschrift-text-container\">\r\n\r\n    <div class=\"header-contact reveal reveal-right\">\r\n\r\n                    <a href=\"tel:+41619769010\">\r\n                <div class=\"contact-box telefon-box\">\r\n                    <svg id=\"local_phone-24px\" xmlns=\"http:\/\/www.w3.org\/2000\/svg\" viewBox=\"0 0 60 60\">\r\n                        <path id=\"Pfad_4337\" data-name=\"Pfad 4337\" d=\"M0,0H60V60H0Z\" fill=\"none\"\/>\r\n                        <path id=\"Pfad_4338\" data-name=\"Pfad 4338\" d=\"M13.86,26.37A45.446,45.446,0,0,0,33.63,46.14l6.6-6.6a2.983,2.983,0,0,1,3.06-.72A34.221,34.221,0,0,0,54,40.53a3.009,3.009,0,0,1,3,3V54a3.009,3.009,0,0,1-3,3A51,51,0,0,1,3,6,3.009,3.009,0,0,1,6,3H16.5a3.009,3.009,0,0,1,3,3,34.081,34.081,0,0,0,1.71,10.71,3.011,3.011,0,0,1-.75,3.06Z\"\/>\r\n                    <\/svg>\r\n                <\/div>\r\n            <\/a>\r\n            <a href=\"mailto:in**@****ac.ch\" data-original-string=\"6nLHMWiSsCwVs8giTIhwCA==3010gAERG30ubXgIHqWy4E6Jg==\" title=\"This contact has been encoded by Anti-Spam by CleanTalk. Click to decode. To finish the decoding make sure that JavaScript is enabled in your browser.\">\r\n                <div class=\"contact-box mail-box\">\r\n                    <svg xmlns=\"http:\/\/www.w3.org\/2000\/svg\" viewBox=\"0 0 60 60\">\r\n                        <path id=\"Pfad_4340\" data-name=\"Pfad 4340\" d=\"M56,4H8a5.992,5.992,0,0,0-5.97,6L2,46a6.018,6.018,0,0,0,6,6H56a6.018,6.018,0,0,0,6-6V10A6.018,6.018,0,0,0,56,4Zm0,12L32,31,8,16V10L32,25,56,10Z\" transform=\"translate(-2 0)\"\/>\r\n                    <\/svg>\r\n                <\/div>\r\n            <\/a>\r\n            <\/div>\r\n\r\n    <div class=\"headline-container reveal reveal-bottom\">\r\n        <h1 class=\"headline-border-left-right\">Traitement de surface<br \/>\nPOUR MONTRES &amp; BIJOUX<\/h1>\r\n    <\/div>\r\n\r\n    \r\n                                    <div class=\"inner\">\r\n                    \r\n                                                                        <div class=\"normal-font semibold reveal reveal-bottom small-width\">Des montres de tous les jours aux accessoires de luxe exclusifs &#8211; votre solution adapt\u00e9e <\/div>\r\n                                                <div class=\"normal-font reveal reveal-bottom small-width  \">\r\n                            <p>De la montre de tous les jours fabriqu\u00e9e industriellement aux bijoux et accessoires haut de gamme en passant par les chefs-d&rsquo;\u0153uvre m\u00e9caniques &#8211; depuis bient\u00f4t 100 ans, nos finitions de surface sont l&rsquo;une des recettes de notre succ\u00e8s.<\/p>\n<p>En collaboration avec vos designers, nous d\u00e9veloppons des solutions offrant les plus beaux effets, dans toutes les nuances imaginables et sur diff\u00e9rents supports, dont nous pouvons harmoniser les couleurs avec pr\u00e9cision.<\/p>\n                        <\/div>\r\n\r\n                    \r\n                                                        <\/div>\r\n                        <\/div>\r\n\r\n\r\n\r\n\r\n\n\n\n<div style=\"height:100px\" aria-hidden=\"true\" class=\"wp-block-spacer\"><\/div>\n\n\n\r\n\r\n<div id=\"header-ueberschrift-text-block_213d342c158b419528bfd56c1b880d24\" class=\"header-ueberschrift-text-container content-ueberschrift-text-container\">\r\n\r\n    <div class=\"headline-container reveal reveal-bottom \">\r\n        <h2 class=\"headline-border-left-right\">LES CL\u00c9S DE NOTRE SUCC\u00c8S<\/h2>\r\n    <\/div>\r\n\r\n            <div class=\"inner\">\r\n                        <div class=\"normal-font reveal reveal-bottom small-width  \"><p>Notre position de leader sur ces secteurs de march\u00e9 provient de notre exp\u00e9rience de plusieurs d\u00e9cennies en tant que partenaire exclusif de grandes marques de luxe. L&rsquo;aspect, la valeur, le toucher, la qualit\u00e9 de fabrication et la fonctionnalit\u00e9 sont des \u00e9l\u00e9ments essentiels de notre succ\u00e8s et de nos vernis haut de gamme, qui sont d\u00e9velopp\u00e9s en tr\u00e8s petites quantit\u00e9s fabriqu\u00e9es individuellement et avec des nuances tr\u00e8s fines en termes d&rsquo;effets et de teintes.<\/p>\n<\/div>\r\n\r\n                                <\/div>\r\n    <\/div>\n\n\n<div style=\"height:100px\" aria-hidden=\"true\" class=\"wp-block-spacer\"><\/div>\n\n\n\r\n<div class=\"inner\">\r\n    <div id=\"download-button-block_90b6d044d1e7233ae6ebde3e3c6fb5d3\" class=\"download-button reveal reveal-bottom\">\r\n                    \r\n                                <div class=\"single-download\">\r\n                    <a href=\"https:\/\/www.berlac.ch\/wp-content\/uploads\/sites\/5\/2024\/03\/Berlac-Uhren-F.pdf\" download>\r\n                        <svg xmlns=\"http:\/\/www.w3.org\/2000\/svg\" width=\"42.783\" height=\"48.896\" viewBox=\"0 0 42.783 48.896\">\r\n                            <g id=\"Gruppe_2655\" data-name=\"Gruppe 2655\" transform=\"translate(-156.693 -1846.283)\">\r\n                                <path id=\"Differenzmenge_6\" data-name=\"Differenzmenge 6\" d=\"M-2579.037,5350.9h-35.142a3.825,3.825,0,0,1-3.821-3.82V5305.82a3.825,3.825,0,0,1,3.821-3.82h22.919a10.624,10.624,0,0,1,6.522,2.7l6.818,6.822a10.594,10.594,0,0,1,2.7,6.521v29.031A3.825,3.825,0,0,1-2579.037,5350.9Zm-35.144-45.84a.774.774,0,0,0-.763.764v41.255a.774.774,0,0,0,.763.764h35.144a.775.775,0,0,0,.764-.759v-29.032a3.744,3.744,0,0,0-.086-.764H-2590.5v-12.148a4.087,4.087,0,0,0-.764-.081Zm26.741,1.363h0v7.8h7.8a3.916,3.916,0,0,0-.439-.544l-6.819-6.818A4.239,4.239,0,0,0-2587.44,5306.419Z\" transform=\"translate(2774.693 -3455.717)\"\/>\r\n                                <path id=\"Pfad_4464\" data-name=\"Pfad 4464\" d=\"M116.614,110.718a2.955,2.955,0,0,1-1.136.2,13.344,13.344,0,0,1-4.689-1.423c.793-.057,1.509-.086,2.158-.086a8.312,8.312,0,0,1,2.693.3c1.156.286,1.165.888.974,1.012Zm-20.542.181c.458-.8.926-1.652,1.4-2.559a47.914,47.914,0,0,0,2.454-5.367,17.862,17.862,0,0,0,4.059,5.042c.2.172.411.334.64.506A53.322,53.322,0,0,0,96.072,110.9Zm3.8-20.9c.649,0,1.022,1.629,1.05,3.167a6.48,6.48,0,0,1-.774,3.4,16.471,16.471,0,0,1-.544-4.25S99.577,90,99.873,90Zm-12.74,29.337a14.2,14.2,0,0,1,3.973-4.756c.134-.105.468-.42.774-.707C89.635,117.461,88.127,118.884,87.133,119.332Zm30.1-10.725c-.649-.64-2.1-.974-4.3-1a36.064,36.064,0,0,0-5.166.372,13.332,13.332,0,0,1-2.4-1.652,17.559,17.559,0,0,1-4.317-6.714c.057-.248.115-.458.162-.678,0,0,1.031-5.873.754-7.86a2.124,2.124,0,0,0-.134-.563l-.086-.239a1.857,1.857,0,0,0-1.7-1.3l-.506-.016h-.01a1.916,1.916,0,0,0-1.958,1.226c-.63,2.321.019,5.778,1.194,10.257l-.306.735c-.84,2.044-1.891,4.106-2.817,5.921l-.124.239c-.974,1.91-1.862,3.533-2.664,4.909l-.831.439c-.057.038-1.48.783-1.814.984-2.827,1.69-4.706,3.61-5.018,5.138a1.27,1.27,0,0,0,.478,1.394l.8.4a2.453,2.453,0,0,0,1.092.258c2.015,0,4.355-2.5,7.573-8.127a75.317,75.317,0,0,1,11.679-2.779,20.041,20.041,0,0,0,8.5,2.7,3.812,3.812,0,0,0,1-.115,1.65,1.65,0,0,0,.993-.678,3.569,3.569,0,0,0,.392-2.426A1.619,1.619,0,0,0,117.235,108.608Z\" transform=\"translate(76.608 1765.819)\"\/>\r\n                            <\/g>\r\n                        <\/svg>\r\n                        <div class=\"text\">Flyer du secteur de l\u2019horlogerie<\/div>\r\n\r\n                        <div class=\"hover-overlay\">\r\n                            <img decoding=\"async\" src=\"\/wp-content\/themes\/berlacgroup\/assets\/img\/download.svg\" alt=\"download pfeil\">\r\n                        <\/div>\r\n                    <\/a>\r\n                <\/div>\r\n                                        <\/div>\r\n<\/div>\n\n\n<div style=\"height:100px\" aria-hidden=\"true\" class=\"wp-block-spacer\"><\/div>\n\n\n\r\n\r\n<div id=\"bild-text-stoerer-block_637dea5839b27\" class=\"stoerer-container  reveal\" style=\"background-image: url('https:\/\/www.berlac.ch\/wp-content\/uploads\/sites\/5\/2023\/02\/HG_Auberginge_Diagonal_pos_19220x800px.jpg');\">\r\n\r\n\r\n        <div class=\"inner\">\r\n        <div class=\"stoerer-text-area\">\r\n                            <div class=\"headline-container reveal reveal-left\">\r\n                    <div class=\"headline-box\"><\/div>\r\n                    <h2 >Vous avez une id\u00e9e exclusive, mais pas encore de solution ?<\/h2>\r\n                <\/div>\r\n                <div class=\"normal-font reveal reveal-left\">\r\n                    <p>Nous sommes l\u00e0 pour vous aider ! Car nous aimons les d\u00e9fis extraordinaires. Faites-nous en part !<\/p>\n                <\/div>\r\n                                                <div class=\"reveal reveal-left\" style=\"margin-top: 30px;\">\r\n                    <a href=\"https:\/\/www.berlac.ch\/fr\/a-propos-de-nous\/contact\/\" target=\"\" class=\"load-more-button white-button\">Discutons ensemble de votre id\u00e9e<\/a>\r\n                <\/div>\r\n                                    <\/div>\r\n    <\/div>\r\n    \r\n\r\n                        <div class=\"stoerer-bild-area  reveal reveal-right\">\r\n                                                                                                        <\/div>\r\n            \r\n\r\n\r\n\r\n<\/div>\n\n\n<div style=\"height:100px\" aria-hidden=\"true\" class=\"wp-block-spacer\"><\/div>\n\n\n\r\n<div id=\"bild-modul-1-2-quicklink-block_fdce31f21a200417453cb9e12d19d5ca\" class=\"bild-modul-1-2-quicklink-container inner\">\r\n    <div class=\"custom-flex-box flex-mobile\">\r\n                    \r\n        \r\n                                                    <a href=\"https:\/\/www.berlac.ch\/fr\/systemes-et-produits\/\" class=\"flex-box-fifty flex-mobile-fifty single-box reveal reveal-bottom\">\r\n                \r\n                        <div class=\"content\">\r\n                            <h3>D\u00e9couvrez notre gamme de produits !<br \/>\n<br \/>\n<\/h3>\r\n                        <\/div>\r\n                        <div class=\"gradient\"><\/div>\r\n\r\n                                                                                                                                            <img decoding=\"async\" width=\"800\" height=\"520\" src=\"https:\/\/www.berlac.ch\/wp-content\/uploads\/sites\/5\/2023\/01\/Berlac-Systeme-Produkte-Header-800x520.jpg\" class=\"attachment-bild-modul-1-2-quicklink-bild size-bild-modul-1-2-quicklink-bild\" alt=\"\" \/>                                                    \r\n\r\n\r\n                                    <\/a>\r\n                \r\n            \r\n        \r\n                                                    <a href=\"https:\/\/www.berlac.ch\/fr\/a-propos-de-nous\/contact\/\" class=\"flex-box-fifty flex-mobile-fifty single-box reveal reveal-bottom\">\r\n                \r\n                        <div class=\"content\">\r\n                            <h3>Besoin d&rsquo;une solution personnalis\u00e9e ?<\/h3>\r\n                        <\/div>\r\n                        <div class=\"gradient\"><\/div>\r\n\r\n                                                                                                                                            <img decoding=\"async\" width=\"800\" height=\"520\" src=\"https:\/\/www.berlac.ch\/wp-content\/uploads\/sites\/5\/2023\/02\/Berlac-Kontakt-Idea-800x520.jpg\" class=\"attachment-bild-modul-1-2-quicklink-bild size-bild-modul-1-2-quicklink-bild\" alt=\"\" \/>                                                    \r\n\r\n\r\n                                    <\/a>\r\n                \r\n                        <\/div>\r\n<\/div>","protected":false},"excerpt":{"rendered":"","protected":false},"author":9,"featured_media":0,"parent":7952,"menu_order":10,"comment_status":"closed","ping_status":"closed","template":"","meta":{"_acf_changed":false,"footnotes":""},"class_list":["post-7966","page","type-page","status-publish","hentry"],"acf":[],"_links":{"self":[{"href":"https:\/\/www.berlac.ch\/fr\/wp-json\/wp\/v2\/pages\/7966","targetHints":{"allow":["GET"]}}],"collection":[{"href":"https:\/\/www.berlac.ch\/fr\/wp-json\/wp\/v2\/pages"}],"about":[{"href":"https:\/\/www.berlac.ch\/fr\/wp-json\/wp\/v2\/types\/page"}],"author":[{"embeddable":true,"href":"https:\/\/www.berlac.ch\/fr\/wp-json\/wp\/v2\/users\/9"}],"replies":[{"embeddable":true,"href":"https:\/\/www.berlac.ch\/fr\/wp-json\/wp\/v2\/comments?post=7966"}],"version-history":[{"count":6,"href":"https:\/\/www.berlac.ch\/fr\/wp-json\/wp\/v2\/pages\/7966\/revisions"}],"predecessor-version":[{"id":10006,"href":"https:\/\/www.berlac.ch\/fr\/wp-json\/wp\/v2\/pages\/7966\/revisions\/10006"}],"up":[{"embeddable":true,"href":"https:\/\/www.berlac.ch\/fr\/wp-json\/wp\/v2\/pages\/7952"}],"wp:attachment":[{"href":"https:\/\/www.berlac.ch\/fr\/wp-json\/wp\/v2\/media?parent=7966"}],"curies":[{"name":"wp","href":"https:\/\/api.w.org\/{rel}","templated":true}]}}