{"id":7958,"date":"2022-10-10T14:04:55","date_gmt":"2022-10-10T12:04:55","guid":{"rendered":"https:\/\/www.berlac.ch\/secteurs-applications\/sports-loisirs\/"},"modified":"2023-10-13T08:54:03","modified_gmt":"2023-10-13T06:54:03","slug":"sports-loisirs","status":"publish","type":"page","link":"https:\/\/www.berlac.ch\/fr\/secteurs-applications\/sports-loisirs\/","title":{"rendered":"SPORTS &amp; LOISIRS"},"content":{"rendered":"\n<script type=\"application\/javascript\">\n    jQuery(document).ready(function ($) {\n        $('.bild-video-slider-fullwidth').slick({\n            infinite: true,\n            dots: false,\n            lazyLoad: 'ondemand',\n            autoplay: true,\n            arrows: true,\n            fade: false,\n            speed: 700,\n            pauseOnHover: true,\n            prevArrow: '<div class=\"slick-prev slick-button\"><div class=\"line-top line\"><\/div><div class=\"line-right line\"><\/div><div class=\"line-bottom line\"><\/div><div class=\"line-left line\"><\/div><\/div>',\n            nextArrow: '<div class=\"slick-next slick-button\"><div class=\"line-top line\"><\/div><div class=\"line-right line\"><\/div><div class=\"line-bottom line\"><\/div><div class=\"line-left line\"><\/div><\/div>',\n        });\n    });\n<\/script>\n\n\n<div id=\"header-bild-video-slider-fullwidth-block_63a05fe6ab7b5\" class=\"bild-video-slider-fullwidth reveal\">\n\t\n\t\t\t\n        \t\t\t\n\t\t\t<div class=\"bild-video-slider-fullwidth--slide img-vid-box\">\n\t\t\t\t\t\t\t\t\t\n\t\t\t\t\t\t\t\t\t\t\t\t\t\t\t\t\t\t\t\t\t<img decoding=\"async\" width=\"1920\" height=\"519\" src=\"https:\/\/www.berlac.ch\/wp-content\/uploads\/sites\/5\/2023\/06\/Berlac-Bike-Panobild-Fahrrad.jpg\" class=\"attachment-image-big size-image-big\" alt=\"\" srcset=\"https:\/\/www.berlac.ch\/wp-content\/uploads\/sites\/5\/2023\/06\/Berlac-Bike-Panobild-Fahrrad.jpg 1920w, https:\/\/www.berlac.ch\/wp-content\/uploads\/sites\/5\/2023\/06\/Berlac-Bike-Panobild-Fahrrad-300x81.jpg 300w, https:\/\/www.berlac.ch\/wp-content\/uploads\/sites\/5\/2023\/06\/Berlac-Bike-Panobild-Fahrrad-1024x277.jpg 1024w, https:\/\/www.berlac.ch\/wp-content\/uploads\/sites\/5\/2023\/06\/Berlac-Bike-Panobild-Fahrrad-768x208.jpg 768w, https:\/\/www.berlac.ch\/wp-content\/uploads\/sites\/5\/2023\/06\/Berlac-Bike-Panobild-Fahrrad-1536x415.jpg 1536w\" sizes=\"(max-width: 1920px) 100vw, 1920px\" \/>\t\t\t\t\t\t\t\t\t\n\t\t\t\t\t\t\t<\/div>\n\t\t\n\t\t\n        \t\t\t\n\t\t\t<div class=\"bild-video-slider-fullwidth--slide img-vid-box\">\n\t\t\t\t\t\t\t\t\t\n\t\t\t\t\t\t\t\t\t\t\t\t\t\t\t\t\t\t\t\t\t<img decoding=\"async\" width=\"1920\" height=\"800\" src=\"https:\/\/www.berlac.ch\/wp-content\/uploads\/sites\/5\/2023\/02\/Berlac-Snow-and-Board-1920x800.jpg\" class=\"attachment-image-big size-image-big\" alt=\"\" srcset=\"https:\/\/www.berlac.ch\/wp-content\/uploads\/sites\/5\/2023\/02\/Berlac-Snow-and-Board-1920x800.jpg 1920w, https:\/\/www.berlac.ch\/wp-content\/uploads\/sites\/5\/2023\/02\/Berlac-Snow-and-Board-519x216.jpg 519w\" sizes=\"(max-width: 1920px) 100vw, 1920px\" \/>\t\t\t\t\t\t\t\t\t\n\t\t\t\t\t\t\t<\/div>\n\t\t\n\t\t\t<\/div>\r\n\r\n\r\n\r\n<div id=\"header-ueberschrift-text-block_62e7a5a5c2771\" class=\"header-ueberschrift-text-container\">\r\n\r\n    <div class=\"header-contact reveal reveal-right\">\r\n\r\n                    <a href=\"tel:+41619769010\">\r\n                <div class=\"contact-box telefon-box\">\r\n                    <svg id=\"local_phone-24px\" xmlns=\"http:\/\/www.w3.org\/2000\/svg\" viewBox=\"0 0 60 60\">\r\n                        <path id=\"Pfad_4337\" data-name=\"Pfad 4337\" d=\"M0,0H60V60H0Z\" fill=\"none\"\/>\r\n                        <path id=\"Pfad_4338\" data-name=\"Pfad 4338\" d=\"M13.86,26.37A45.446,45.446,0,0,0,33.63,46.14l6.6-6.6a2.983,2.983,0,0,1,3.06-.72A34.221,34.221,0,0,0,54,40.53a3.009,3.009,0,0,1,3,3V54a3.009,3.009,0,0,1-3,3A51,51,0,0,1,3,6,3.009,3.009,0,0,1,6,3H16.5a3.009,3.009,0,0,1,3,3,34.081,34.081,0,0,0,1.71,10.71,3.011,3.011,0,0,1-.75,3.06Z\"\/>\r\n                    <\/svg>\r\n                <\/div>\r\n            <\/a>\r\n            <a href=\"mailto:in**@****ac.ch\" data-original-string=\"ZXgteypDje2iwPOCeJ3jmg==301xcXmNFvRhY3nGLd6knt6DQ==\" title=\"This contact has been encoded by Anti-Spam by CleanTalk. Click to decode. To finish the decoding make sure that JavaScript is enabled in your browser.\">\r\n                <div class=\"contact-box mail-box\">\r\n                    <svg xmlns=\"http:\/\/www.w3.org\/2000\/svg\" viewBox=\"0 0 60 60\">\r\n                        <path id=\"Pfad_4340\" data-name=\"Pfad 4340\" d=\"M56,4H8a5.992,5.992,0,0,0-5.97,6L2,46a6.018,6.018,0,0,0,6,6H56a6.018,6.018,0,0,0,6-6V10A6.018,6.018,0,0,0,56,4Zm0,12L32,31,8,16V10L32,25,56,10Z\" transform=\"translate(-2 0)\"\/>\r\n                    <\/svg>\r\n                <\/div>\r\n            <\/a>\r\n            <\/div>\r\n\r\n    <div class=\"headline-container reveal reveal-bottom\">\r\n        <h1 class=\"headline-border-left-right\">TRAITEMENT DE SURFACE <br \/>\nPOUR LE SPORT, LES LOISIRS &amp; LIFESTYLE<\/h1>\r\n    <\/div>\r\n\r\n    \r\n                                    <div class=\"inner\">\r\n                    \r\n                                                                    <div class=\"normal-font reveal reveal-bottom long-width  \">\r\n                            <p>Pour r\u00e9pondre aux exigences sp\u00e9cifiques de l&rsquo;industrie du sport et des loisirs ainsi qu&rsquo;aux diff\u00e9rents segments du lifestyle, nous proposons une large gamme de finitions de surface optiques, haptiques et fonctionnelles. Car c&rsquo;est notre passion.<\/p>\n                        <\/div>\r\n\r\n                    \r\n                                                        <\/div>\r\n                        <\/div>\r\n\r\n\r\n\r\n\r\n\n<div style=\"height:100px\" aria-hidden=\"true\" class=\"wp-block-spacer\"><\/div>\n\r\n\r\n<div id=\"header-ueberschrift-text-block_630f5624d614d\" class=\"header-ueberschrift-text-container content-ueberschrift-text-container\">\r\n\r\n    <div class=\"headline-container reveal reveal-bottom \">\r\n        <h2 class=\"headline-border-left-right\">LA MEILLEURE PERFORMANCE<\/h2>\r\n    <\/div>\r\n\r\n            <div class=\"inner\">\r\n                        <div class=\"normal-font reveal reveal-bottom long-width  \"><p>Gr\u00e2ce \u00e0 nos connaissances approfondies du secteur, nous sommes le fournisseur le plus complet, leader du march\u00e9 et un moteur d&rsquo;innovation. Nous proposons une large palette de solutions de rev\u00eatement pour de multiples domaines d&rsquo;application et les supports les plus divers. Adapt\u00e9s avec pr\u00e9cision \u00e0 chaque application et \u00e0 chaque projet, vous trouverez chez nous des teintes raffin\u00e9es, des effets tendances ou des solutions personnalis\u00e9es qui vous permettront de concr\u00e9tiser vos id\u00e9es cr\u00e9atives.<\/p>\n<\/div>\r\n\r\n                                <\/div>\r\n    <\/div>\n<div style=\"height:100px\" aria-hidden=\"true\" class=\"wp-block-spacer\"><\/div>\n \n<div class=\"inner\">\n    <div class=\"flex-box produktuebersicht\">\n\n                    \n\n                <div class=\"single-produkt reveal reveal-bottom\">\n                    <div class=\"single-produkt-inner\">\n                        <div class=\"bild-box\">\n                                                                                                                    <img decoding=\"async\" width=\"247\" height=\"247\" src=\"https:\/\/www.berlac.ch\/wp-content\/uploads\/sites\/5\/2023\/01\/Berlac-Bike-Header-1920x800px-247x247.jpg\" class=\"attachment-produktteaser size-produktteaser\" alt=\"\" srcset=\"https:\/\/www.berlac.ch\/wp-content\/uploads\/sites\/5\/2023\/01\/Berlac-Bike-Header-1920x800px-247x247.jpg 247w, https:\/\/www.berlac.ch\/wp-content\/uploads\/sites\/5\/2023\/01\/Berlac-Bike-Header-1920x800px-150x150.jpg 150w\" sizes=\"(max-width: 247px) 100vw, 247px\" \/>                                                    <\/div>\n                        <div class=\"text-box\">\n                                                                                                <p class=\"small-produkt-headline\">PASSION PURE<\/p>\n                                    <div class=\"semi-small-font narrow\"><p><\/br><br \/>\n<\/br><\/p>\n<\/div>\n                                                                                                                <a href=\"https:\/\/www.berlac.ch\/fr\/secteurs-applications\/sports-loisirs\/bike\/\" class=\"load-more-button small berlac-ag\" target=\"\">Plus d&#039;informations<\/a>\n                                                                                                                        <\/div>\n                    <\/div>\n                <\/div>\n\n\n            \n\n                <div class=\"single-produkt reveal reveal-bottom\">\n                    <div class=\"single-produkt-inner\">\n                        <div class=\"bild-box\">\n                                                                                                                    <img decoding=\"async\" width=\"247\" height=\"247\" src=\"https:\/\/www.berlac.ch\/wp-content\/uploads\/sites\/5\/2023\/01\/Berlac-Snowboard-247x247.jpg\" class=\"attachment-produktteaser size-produktteaser\" alt=\"\" srcset=\"https:\/\/www.berlac.ch\/wp-content\/uploads\/sites\/5\/2023\/01\/Berlac-Snowboard-247x247.jpg 247w, https:\/\/www.berlac.ch\/wp-content\/uploads\/sites\/5\/2023\/01\/Berlac-Snowboard-150x150.jpg 150w\" sizes=\"(max-width: 247px) 100vw, 247px\" \/>                                                    <\/div>\n                        <div class=\"text-box\">\n                                                                                                <p class=\"small-produkt-headline\">METTRE DES ACCENTS<\/p>\n                                    <div class=\"semi-small-font narrow\"><p><\/br><br \/>\n<\/br><\/p>\n<\/div>\n                                                                                                                <a href=\"https:\/\/www.berlac.ch\/fr\/secteurs-applications\/sports-loisirs\/board\/\" class=\"load-more-button small berlac-ag\" target=\"\">Plus d&#039;informations<\/a>\n                                                                                                                        <\/div>\n                    <\/div>\n                <\/div>\n\n\n                    \n    <\/div>\n<\/div>\n<div style=\"height:100px\" aria-hidden=\"true\" class=\"wp-block-spacer\"><\/div>\n\r\n<div id=\"bild-modul-1-2-quicklink-block_b7834a638cbb6a22d7456456f260b1cc\" class=\"bild-modul-1-2-quicklink-container inner\">\r\n    <div class=\"custom-flex-box flex-mobile\">\r\n                    \r\n        \r\n                                                    <a href=\"https:\/\/www.berlac.ch\/fr\/systemes-et-produits\/\" class=\"flex-box-fifty flex-mobile-fifty single-box reveal reveal-bottom\">\r\n                \r\n                        <div class=\"content\">\r\n                            <h3>D\u00e9couvrez notre gamme de produits !<br \/>\n<br \/>\n<\/h3>\r\n                        <\/div>\r\n                        <div class=\"gradient\"><\/div>\r\n\r\n                                                                                                                                            <img decoding=\"async\" width=\"800\" height=\"520\" src=\"https:\/\/www.berlac.ch\/wp-content\/uploads\/sites\/5\/2023\/01\/Berlac-Systeme-Produkte-Header-800x520.jpg\" class=\"attachment-bild-modul-1-2-quicklink-bild size-bild-modul-1-2-quicklink-bild\" alt=\"\" \/>                                                    \r\n\r\n\r\n                                    <\/a>\r\n                \r\n            \r\n        \r\n                                                    <a href=\"https:\/\/www.berlac.ch\/fr\/a-propos-de-nous\/contact\/\" class=\"flex-box-fifty flex-mobile-fifty single-box reveal reveal-bottom\">\r\n                \r\n                        <div class=\"content\">\r\n                            <h3>Besoin d&rsquo;une solution personnalis\u00e9e ?<\/h3>\r\n                        <\/div>\r\n                        <div class=\"gradient\"><\/div>\r\n\r\n                                                                                                                                            <img decoding=\"async\" width=\"800\" height=\"520\" src=\"https:\/\/www.berlac.ch\/wp-content\/uploads\/sites\/5\/2023\/02\/Berlac-Kontakt-Idea-800x520.jpg\" class=\"attachment-bild-modul-1-2-quicklink-bild size-bild-modul-1-2-quicklink-bild\" alt=\"\" \/>                                                    \r\n\r\n\r\n                                    <\/a>\r\n                \r\n                        <\/div>\r\n<\/div>","protected":false},"excerpt":{"rendered":"","protected":false},"author":9,"featured_media":0,"parent":7952,"menu_order":9,"comment_status":"closed","ping_status":"closed","template":"","meta":{"_acf_changed":false,"footnotes":""},"class_list":["post-7958","page","type-page","status-publish","hentry"],"acf":[],"_links":{"self":[{"href":"https:\/\/www.berlac.ch\/fr\/wp-json\/wp\/v2\/pages\/7958","targetHints":{"allow":["GET"]}}],"collection":[{"href":"https:\/\/www.berlac.ch\/fr\/wp-json\/wp\/v2\/pages"}],"about":[{"href":"https:\/\/www.berlac.ch\/fr\/wp-json\/wp\/v2\/types\/page"}],"author":[{"embeddable":true,"href":"https:\/\/www.berlac.ch\/fr\/wp-json\/wp\/v2\/users\/9"}],"replies":[{"embeddable":true,"href":"https:\/\/www.berlac.ch\/fr\/wp-json\/wp\/v2\/comments?post=7958"}],"version-history":[{"count":4,"href":"https:\/\/www.berlac.ch\/fr\/wp-json\/wp\/v2\/pages\/7958\/revisions"}],"predecessor-version":[{"id":9426,"href":"https:\/\/www.berlac.ch\/fr\/wp-json\/wp\/v2\/pages\/7958\/revisions\/9426"}],"up":[{"embeddable":true,"href":"https:\/\/www.berlac.ch\/fr\/wp-json\/wp\/v2\/pages\/7952"}],"wp:attachment":[{"href":"https:\/\/www.berlac.ch\/fr\/wp-json\/wp\/v2\/media?parent=7958"}],"curies":[{"name":"wp","href":"https:\/\/api.w.org\/{rel}","templated":true}]}}