{"id":12042,"date":"2024-05-27T15:00:28","date_gmt":"2024-05-27T13:00:28","guid":{"rendered":"https:\/\/www.berlac.ch\/roadmarking\/produits\/bascospray\/"},"modified":"2024-06-06T11:11:14","modified_gmt":"2024-06-06T09:11:14","slug":"bascospray","status":"publish","type":"page","link":"https:\/\/www.berlac.ch\/fr\/roadmarking\/produits\/bascospray\/","title":{"rendered":"BASCOspray"},"content":{"rendered":"\n\n<div id=\"header-statisch-block_fe0cda278e7cceaaec88c8f3c5327268\" class=\"header-bild-statisch reveal\">\n    <img decoding=\"async\" width=\"1920\" height=\"800\" src=\"https:\/\/www.berlac.ch\/wp-content\/uploads\/sites\/5\/2024\/05\/BASCOspray-1920x800.jpg\" class=\"attachment-image-big size-image-big\" alt=\"\" srcset=\"https:\/\/www.berlac.ch\/wp-content\/uploads\/sites\/5\/2024\/05\/BASCOspray-1920x800.jpg 1920w, https:\/\/www.berlac.ch\/wp-content\/uploads\/sites\/5\/2024\/05\/BASCOspray-519x216.jpg 519w\" sizes=\"(max-width: 1920px) 100vw, 1920px\" \/><\/div>\n\r\n\r\n\r\n\r\n<div id=\"header-ueberschrift-text-block_de8701a92fdfda114a8ca21f481a9e52\" class=\"header-ueberschrift-text-container\">\r\n\r\n    <div class=\"header-contact reveal reveal-right\">\r\n\r\n                    <a href=\"tel:+41619769010\">\r\n                <div class=\"contact-box telefon-box\">\r\n                    <svg id=\"local_phone-24px\" xmlns=\"http:\/\/www.w3.org\/2000\/svg\" viewBox=\"0 0 60 60\">\r\n                        <path id=\"Pfad_4337\" data-name=\"Pfad 4337\" d=\"M0,0H60V60H0Z\" fill=\"none\"\/>\r\n                        <path id=\"Pfad_4338\" data-name=\"Pfad 4338\" d=\"M13.86,26.37A45.446,45.446,0,0,0,33.63,46.14l6.6-6.6a2.983,2.983,0,0,1,3.06-.72A34.221,34.221,0,0,0,54,40.53a3.009,3.009,0,0,1,3,3V54a3.009,3.009,0,0,1-3,3A51,51,0,0,1,3,6,3.009,3.009,0,0,1,6,3H16.5a3.009,3.009,0,0,1,3,3,34.081,34.081,0,0,0,1.71,10.71,3.011,3.011,0,0,1-.75,3.06Z\"\/>\r\n                    <\/svg>\r\n                <\/div>\r\n            <\/a>\r\n            <a href=\"mailto:in**@****ac.ch\" data-original-string=\"nwT3XZqBKOoVn7PxFy5wNQ==301cgXROf+wu5fomELv37xQ5Q==\" title=\"This contact has been encoded by Anti-Spam by CleanTalk. Click to decode. To finish the decoding make sure that JavaScript is enabled in your browser.\">\r\n                <div class=\"contact-box mail-box\">\r\n                    <svg xmlns=\"http:\/\/www.w3.org\/2000\/svg\" viewBox=\"0 0 60 60\">\r\n                        <path id=\"Pfad_4340\" data-name=\"Pfad 4340\" d=\"M56,4H8a5.992,5.992,0,0,0-5.97,6L2,46a6.018,6.018,0,0,0,6,6H56a6.018,6.018,0,0,0,6-6V10A6.018,6.018,0,0,0,56,4Zm0,12L32,31,8,16V10L32,25,56,10Z\" transform=\"translate(-2 0)\"\/>\r\n                    <\/svg>\r\n                <\/div>\r\n            <\/a>\r\n            <\/div>\r\n\r\n    <div class=\"headline-container reveal reveal-bottom\">\r\n        <h1 class=\"headline-border-left-right\">BASCOSPRAY<\/h1>\r\n    <\/div>\r\n\r\n    \r\n                                    <div class=\"inner\">\r\n                    \r\n                                                                        <div class=\"normal-font semibold reveal reveal-bottom small-width\">Sprays de marquage de haute qualit\u00e9.<\/div>\r\n                                                <div class=\"normal-font reveal reveal-bottom small-width  \">\r\n                            <p>Dans la vie quotidienne du marquage, il existe de nombreuses situations qui n\u00e9cessitent une approche rapide et simple. Le spray de marquage BASCOspray offre une solution efficace et \u00e9conomique pour divers travaux de marquage.<\/p>\n<p>Il est id\u00e9al pour les retouches localis\u00e9es, pour r\u00e9parer les marquages, pour r\u00e9aliser de petits marquages ou comme pr\u00e9-marquage pour des travaux ult\u00e9rieurs. Les sprays de marquage BASCOspray sont en outre de tr\u00e8s haute qualit\u00e9 et convainquent par leur long\u00e9vit\u00e9.<\/p>\n                        <\/div>\r\n\r\n                    \r\n                                                        <\/div>\r\n                        <\/div>\r\n\r\n\r\n\r\n\r\n\n<div style=\"height:100px\" aria-hidden=\"true\" class=\"wp-block-spacer\"><\/div>\n\r\n<div id=\"aufzaehlung-fullwidth-block_52d82460195c1ce3cb3a986eda89299c\" class=\"aufzaehlung-fullwidth reveal\" style=\"background-image: url('https:\/\/www.berlac.ch\/wp-content\/uploads\/sites\/5\/2023\/03\/HG_Aubergine-Abstrakt.jpg')\">\r\n    <div class=\"headline-container reveal reveal-bottom\">\r\n        <div class=\"line\"><\/div>\r\n        <h2>Vos avantages en un coup d&rsquo;\u0153il<br \/>\n<\/h2>\r\n        <div class=\"line\"><\/div>\r\n    <\/div>\r\n\r\n    <div class=\"inner\">\r\n        <div class=\"custom-flex-box flex-mobile\">\r\n            <div class=\"flex-box-fifty single-box reveal reveal-bottom\">\r\n                                    <ul>\r\n                                                <li>\r\n                            <svg xmlns=\"http:\/\/www.w3.org\/2000\/svg\" width=\"27\" height=\"27\" viewBox=\"0 0 27 27\">\r\n                                <g id=\"Gruppe_18319\" data-name=\"Gruppe 18319\" transform=\"translate(-156 -2016)\">\r\n                                    <g id=\"Rechteck_1714\" data-name=\"Rechteck 1714\" transform=\"translate(156 2016)\" fill=\"none\" stroke=\"#fff\" stroke-width=\"1\">\r\n                                        <rect width=\"27\" height=\"27\" rx=\"5\" stroke=\"none\"\/>\r\n                                        <rect x=\"0.5\" y=\"0.5\" width=\"26\" height=\"26\" rx=\"4.5\" fill=\"none\"\/>\r\n                                    <\/g>\r\n                                    <path id=\"Icon_ionic-ios-arrow-forward\" data-name=\"Icon ionic-ios-arrow-forward\" d=\"M16.469,12.732,11.521,7.788a.931.931,0,0,1,0-1.32.942.942,0,0,1,1.324,0l5.606,5.6a.933.933,0,0,1,.027,1.289L12.849,19a.935.935,0,1,1-1.324-1.32Z\" transform=\"translate(155.141 2016.766)\" fill=\"#fff\"\/>\r\n                                <\/g>\r\n                            <\/svg>\r\n                            <span class=\"normal-font\"><p>10 ans de durabilit\u00e9<\/p>\n<\/span>\r\n                        <\/li>\r\n                                                <li>\r\n                            <svg xmlns=\"http:\/\/www.w3.org\/2000\/svg\" width=\"27\" height=\"27\" viewBox=\"0 0 27 27\">\r\n                                <g id=\"Gruppe_18319\" data-name=\"Gruppe 18319\" transform=\"translate(-156 -2016)\">\r\n                                    <g id=\"Rechteck_1714\" data-name=\"Rechteck 1714\" transform=\"translate(156 2016)\" fill=\"none\" stroke=\"#fff\" stroke-width=\"1\">\r\n                                        <rect width=\"27\" height=\"27\" rx=\"5\" stroke=\"none\"\/>\r\n                                        <rect x=\"0.5\" y=\"0.5\" width=\"26\" height=\"26\" rx=\"4.5\" fill=\"none\"\/>\r\n                                    <\/g>\r\n                                    <path id=\"Icon_ionic-ios-arrow-forward\" data-name=\"Icon ionic-ios-arrow-forward\" d=\"M16.469,12.732,11.521,7.788a.931.931,0,0,1,0-1.32.942.942,0,0,1,1.324,0l5.606,5.6a.933.933,0,0,1,.027,1.289L12.849,19a.935.935,0,1,1-1.324-1.32Z\" transform=\"translate(155.141 2016.766)\" fill=\"#fff\"\/>\r\n                                <\/g>\r\n                            <\/svg>\r\n                            <span class=\"normal-font\"><p>Port\u00e9e jusqu&rsquo;\u00e0 environ 60m<\/p>\n<\/span>\r\n                        <\/li>\r\n                                                <li>\r\n                            <svg xmlns=\"http:\/\/www.w3.org\/2000\/svg\" width=\"27\" height=\"27\" viewBox=\"0 0 27 27\">\r\n                                <g id=\"Gruppe_18319\" data-name=\"Gruppe 18319\" transform=\"translate(-156 -2016)\">\r\n                                    <g id=\"Rechteck_1714\" data-name=\"Rechteck 1714\" transform=\"translate(156 2016)\" fill=\"none\" stroke=\"#fff\" stroke-width=\"1\">\r\n                                        <rect width=\"27\" height=\"27\" rx=\"5\" stroke=\"none\"\/>\r\n                                        <rect x=\"0.5\" y=\"0.5\" width=\"26\" height=\"26\" rx=\"4.5\" fill=\"none\"\/>\r\n                                    <\/g>\r\n                                    <path id=\"Icon_ionic-ios-arrow-forward\" data-name=\"Icon ionic-ios-arrow-forward\" d=\"M16.469,12.732,11.521,7.788a.931.931,0,0,1,0-1.32.942.942,0,0,1,1.324,0l5.606,5.6a.933.933,0,0,1,.027,1.289L12.849,19a.935.935,0,1,1-1.324-1.32Z\" transform=\"translate(155.141 2016.766)\" fill=\"#fff\"\/>\r\n                                <\/g>\r\n                            <\/svg>\r\n                            <span class=\"normal-font\"><p>praticable apr\u00e8s 30 min,<br \/>\ncompl\u00e8tement sec apr\u00e8s 24 heures<\/p>\n<\/span>\r\n                        <\/li>\r\n                                                <li>\r\n                            <svg xmlns=\"http:\/\/www.w3.org\/2000\/svg\" width=\"27\" height=\"27\" viewBox=\"0 0 27 27\">\r\n                                <g id=\"Gruppe_18319\" data-name=\"Gruppe 18319\" transform=\"translate(-156 -2016)\">\r\n                                    <g id=\"Rechteck_1714\" data-name=\"Rechteck 1714\" transform=\"translate(156 2016)\" fill=\"none\" stroke=\"#fff\" stroke-width=\"1\">\r\n                                        <rect width=\"27\" height=\"27\" rx=\"5\" stroke=\"none\"\/>\r\n                                        <rect x=\"0.5\" y=\"0.5\" width=\"26\" height=\"26\" rx=\"4.5\" fill=\"none\"\/>\r\n                                    <\/g>\r\n                                    <path id=\"Icon_ionic-ios-arrow-forward\" data-name=\"Icon ionic-ios-arrow-forward\" d=\"M16.469,12.732,11.521,7.788a.931.931,0,0,1,0-1.32.942.942,0,0,1,1.324,0l5.606,5.6a.933.933,0,0,1,.027,1.289L12.849,19a.935.935,0,1,1-1.324-1.32Z\" transform=\"translate(155.141 2016.766)\" fill=\"#fff\"\/>\r\n                                <\/g>\r\n                            <\/svg>\r\n                            <span class=\"normal-font\"><p>convient \u00e0 l&rsquo;application manuelle et m\u00e9canique<\/p>\n<\/span>\r\n                        <\/li>\r\n                                            <\/ul>\r\n                            <\/div>\r\n            <div class=\"flex-box-fifty single-box reveal reveal-bottom\">\r\n                                    <ul>\r\n                                                    <li>\r\n                                <svg xmlns=\"http:\/\/www.w3.org\/2000\/svg\" width=\"27\" height=\"27\" viewBox=\"0 0 27 27\">\r\n                                    <g id=\"Gruppe_18319\" data-name=\"Gruppe 18319\" transform=\"translate(-156 -2016)\">\r\n                                        <g id=\"Rechteck_1714\" data-name=\"Rechteck 1714\" transform=\"translate(156 2016)\" fill=\"none\" stroke=\"#fff\" stroke-width=\"1\">\r\n                                            <rect width=\"27\" height=\"27\" rx=\"5\" stroke=\"none\"\/>\r\n                                            <rect x=\"0.5\" y=\"0.5\" width=\"26\" height=\"26\" rx=\"4.5\" fill=\"none\"\/>\r\n                                        <\/g>\r\n                                        <path id=\"Icon_ionic-ios-arrow-forward\" data-name=\"Icon ionic-ios-arrow-forward\" d=\"M16.469,12.732,11.521,7.788a.931.931,0,0,1,0-1.32.942.942,0,0,1,1.324,0l5.606,5.6a.933.933,0,0,1,.027,1.289L12.849,19a.935.935,0,1,1-1.324-1.32Z\" transform=\"translate(155.141 2016.766)\" fill=\"#fff\"\/>\r\n                                    <\/g>\r\n                                <\/svg>\r\n                                <span class=\"normal-font\"><p><img decoding=\"async\" class=\"alignnone wp-image-1636\" src=\"https:\/\/www.basler-lacke.ch\/wp-content\/uploads\/sites\/4\/2023\/01\/BASCOrep-BASCOrep-ready-mix-1.png\" alt=\"\" width=\"144\" height=\"224\"><\/p>\n<\/span>\r\n                            <\/li>\r\n                                            <\/ul>\r\n                            <\/div>\r\n        <\/div>\r\n            <\/div>\r\n<\/div>\n<div style=\"height:100px\" aria-hidden=\"true\" class=\"wp-block-spacer\"><\/div>\n\r\n\r\n<div id=\"header-ueberschrift-text-block_36315f2ce21bf430bea0ec486cab53a1\" class=\"header-ueberschrift-text-container content-ueberschrift-text-container\">\r\n\r\n    <div class=\"headline-container reveal reveal-bottom \">\r\n        <h2 class=\"headline-border-left-right\">DOMAINES D&rsquo;APPLICATION<\/h2>\r\n    <\/div>\r\n\r\n            <div class=\"inner\">\r\n                        <div class=\"normal-font reveal reveal-bottom long-width  \"><p>Lorsqu&rsquo;il faut agir spontan\u00e9ment, le spray de marquage BASCOspray apporte une aide rapide, simple et fiable.<\/p>\n<\/div>\r\n\r\n                                <\/div>\r\n    <\/div>\n<div style=\"height:100px\" aria-hidden=\"true\" class=\"wp-block-spacer\"><\/div>\n\r\n<div id=\"bild-modul-1-2-quicklink-block_33e076cdacf0ada70d4e964554340383\" class=\"bild-modul-1-2-quicklink-container inner\">\r\n    <div class=\"custom-flex-box flex-mobile\">\r\n                    \r\n        \r\n                                                    <a href=\"https:\/\/www.berlac.ch\/fr\/roadmarking\/applications\/\" class=\"flex-box-fifty flex-mobile-fifty single-box reveal reveal-bottom\">\r\n                \r\n                        <div class=\"content\">\r\n                            <h3>Nos solutions d&rsquo;application<\/h3>\r\n                        <\/div>\r\n                        <div class=\"gradient\"><\/div>\r\n\r\n                                                                                                                                            <img decoding=\"async\" width=\"800\" height=\"520\" src=\"https:\/\/www.berlac.ch\/wp-content\/uploads\/sites\/5\/2024\/05\/BASCOlin-Kaltspritzplastik-800x520.jpg\" class=\"attachment-bild-modul-1-2-quicklink-bild size-bild-modul-1-2-quicklink-bild\" alt=\"\" \/>                                                    \r\n\r\n\r\n                                    <\/a>\r\n                \r\n            \r\n        \r\n                                                    <a href=\"https:\/\/www.berlac.ch\/fr\/a-propos-de-nous\/contact-2\/\" class=\"flex-box-fifty flex-mobile-fifty single-box reveal reveal-bottom\">\r\n                \r\n                        <div class=\"content\">\r\n                            <h3>Prenez contact avec nous<\/h3>\r\n                        <\/div>\r\n                        <div class=\"gradient\"><\/div>\r\n\r\n                                                                                                                                            <img decoding=\"async\" width=\"791\" height=\"520\" src=\"https:\/\/www.berlac.ch\/wp-content\/uploads\/sites\/5\/2024\/05\/kontakt-leistungen-berlac-791x520.png\" class=\"attachment-bild-modul-1-2-quicklink-bild size-bild-modul-1-2-quicklink-bild\" alt=\"\" \/>                                                    \r\n\r\n\r\n                                    <\/a>\r\n                \r\n                        <\/div>\r\n<\/div>","protected":false},"excerpt":{"rendered":"","protected":false},"author":9,"featured_media":0,"parent":11987,"menu_order":0,"comment_status":"closed","ping_status":"closed","template":"","meta":{"_acf_changed":false,"footnotes":""},"class_list":["post-12042","page","type-page","status-publish","hentry"],"acf":[],"_links":{"self":[{"href":"https:\/\/www.berlac.ch\/fr\/wp-json\/wp\/v2\/pages\/12042","targetHints":{"allow":["GET"]}}],"collection":[{"href":"https:\/\/www.berlac.ch\/fr\/wp-json\/wp\/v2\/pages"}],"about":[{"href":"https:\/\/www.berlac.ch\/fr\/wp-json\/wp\/v2\/types\/page"}],"author":[{"embeddable":true,"href":"https:\/\/www.berlac.ch\/fr\/wp-json\/wp\/v2\/users\/9"}],"replies":[{"embeddable":true,"href":"https:\/\/www.berlac.ch\/fr\/wp-json\/wp\/v2\/comments?post=12042"}],"version-history":[{"count":3,"href":"https:\/\/www.berlac.ch\/fr\/wp-json\/wp\/v2\/pages\/12042\/revisions"}],"predecessor-version":[{"id":12150,"href":"https:\/\/www.berlac.ch\/fr\/wp-json\/wp\/v2\/pages\/12042\/revisions\/12150"}],"up":[{"embeddable":true,"href":"https:\/\/www.berlac.ch\/fr\/wp-json\/wp\/v2\/pages\/11987"}],"wp:attachment":[{"href":"https:\/\/www.berlac.ch\/fr\/wp-json\/wp\/v2\/media?parent=12042"}],"curies":[{"name":"wp","href":"https:\/\/api.w.org\/{rel}","templated":true}]}}