{"id":12008,"date":"2024-05-27T14:55:55","date_gmt":"2024-05-27T12:55:55","guid":{"rendered":"https:\/\/www.berlac.ch\/roadmarking\/produits\/bascofield-ready-mix\/"},"modified":"2025-12-28T11:22:38","modified_gmt":"2025-12-28T10:22:38","slug":"bascofield-ready-mix","status":"publish","type":"page","link":"https:\/\/www.berlac.ch\/fr\/roadmarking\/produits\/bascofield-ready-mix\/","title":{"rendered":"BASCOfield ready mix"},"content":{"rendered":"\n\n<div id=\"header-statisch-block_2b2d0c835e1aa5464da2f7dc50e66a34\" class=\"header-bild-statisch reveal\">\n    <img decoding=\"async\" width=\"1920\" height=\"800\" src=\"https:\/\/www.berlac.ch\/wp-content\/uploads\/sites\/5\/2024\/06\/BascoField-ready-mix-Header.jpg\" class=\"attachment-image-big size-image-big\" alt=\"\" srcset=\"https:\/\/www.berlac.ch\/wp-content\/uploads\/sites\/5\/2024\/06\/BascoField-ready-mix-Header.jpg 1920w, https:\/\/www.berlac.ch\/wp-content\/uploads\/sites\/5\/2024\/06\/BascoField-ready-mix-Header-300x125.jpg 300w, https:\/\/www.berlac.ch\/wp-content\/uploads\/sites\/5\/2024\/06\/BascoField-ready-mix-Header-1024x427.jpg 1024w, https:\/\/www.berlac.ch\/wp-content\/uploads\/sites\/5\/2024\/06\/BascoField-ready-mix-Header-768x320.jpg 768w, https:\/\/www.berlac.ch\/wp-content\/uploads\/sites\/5\/2024\/06\/BascoField-ready-mix-Header-1536x640.jpg 1536w, https:\/\/www.berlac.ch\/wp-content\/uploads\/sites\/5\/2024\/06\/BascoField-ready-mix-Header-519x216.jpg 519w\" sizes=\"(max-width: 1920px) 100vw, 1920px\" \/><\/div>\n\n\n\r\n\r\n\r\n\r\n<div id=\"header-ueberschrift-text-block_e96a1a7ffb62daa61f553b6dd9b30e8f\" class=\"header-ueberschrift-text-container\">\r\n\r\n    <div class=\"header-contact reveal reveal-right\">\r\n\r\n                    <a href=\"tel:+41619769010\">\r\n                <div class=\"contact-box telefon-box\">\r\n                    <svg id=\"local_phone-24px\" xmlns=\"http:\/\/www.w3.org\/2000\/svg\" viewBox=\"0 0 60 60\">\r\n                        <path id=\"Pfad_4337\" data-name=\"Pfad 4337\" d=\"M0,0H60V60H0Z\" fill=\"none\"\/>\r\n                        <path id=\"Pfad_4338\" data-name=\"Pfad 4338\" d=\"M13.86,26.37A45.446,45.446,0,0,0,33.63,46.14l6.6-6.6a2.983,2.983,0,0,1,3.06-.72A34.221,34.221,0,0,0,54,40.53a3.009,3.009,0,0,1,3,3V54a3.009,3.009,0,0,1-3,3A51,51,0,0,1,3,6,3.009,3.009,0,0,1,6,3H16.5a3.009,3.009,0,0,1,3,3,34.081,34.081,0,0,0,1.71,10.71,3.011,3.011,0,0,1-.75,3.06Z\"\/>\r\n                    <\/svg>\r\n                <\/div>\r\n            <\/a>\r\n            <a href=\"mailto:in**@****ac.ch\" data-original-string=\"kNK7DNmZDQLl49ocmW3JXw==3019\/qjI2ORGHNLi0isVSoPFA==\" title=\"This contact has been encoded by Anti-Spam by CleanTalk. Click to decode. To finish the decoding make sure that JavaScript is enabled in your browser.\">\r\n                <div class=\"contact-box mail-box\">\r\n                    <svg xmlns=\"http:\/\/www.w3.org\/2000\/svg\" viewBox=\"0 0 60 60\">\r\n                        <path id=\"Pfad_4340\" data-name=\"Pfad 4340\" d=\"M56,4H8a5.992,5.992,0,0,0-5.97,6L2,46a6.018,6.018,0,0,0,6,6H56a6.018,6.018,0,0,0,6-6V10A6.018,6.018,0,0,0,56,4Zm0,12L32,31,8,16V10L32,25,56,10Z\" transform=\"translate(-2 0)\"\/>\r\n                    <\/svg>\r\n                <\/div>\r\n            <\/a>\r\n            <\/div>\r\n\r\n    <div class=\"headline-container reveal reveal-bottom\">\r\n        <h1 class=\"headline-border-left-right\">BASCOFIELD READY MIX<\/h1>\r\n    <\/div>\r\n\r\n    \r\n                                    <div class=\"inner\">\r\n                    \r\n                                                                        <div class=\"normal-font semibold reveal reveal-bottom small-width\">Mise en couleur &#8211; rapide et facile<\/div>\r\n                                                <div class=\"normal-font reveal reveal-bottom small-width  \">\r\n                            <p>Avec BASCOfield ready mix, les surfaces routi\u00e8res peuvent \u00eatre color\u00e9es rapidement et facilement. Le produit r\u00e9pond aux exigences de la norme VSS 40 214 &#8211; FGSO \/ Coloration des surfaces routi\u00e8res.<\/p>\n<p>La masse plastique \u00e0 froid est donc parfaitement adapt\u00e9e au rev\u00eatement color\u00e9 de surfaces dans les zones de circulation fr\u00e9quent\u00e9es &#8211; par exemple dans les quartiers \u00e0 circulation r\u00e9duite avec zone 30 ou devant les \u00e9tablissements scolaires, ainsi que pour la r\u00e9alisation de surfaces pour l&rsquo;art dans la construction. La formulation pr\u00eate \u00e0 l&#8217;emploi convainc par sa facilit\u00e9 d&rsquo;application en 1 couche, sa grande adh\u00e9rence et son grand choix de couleurs.<\/p>\n<p><strong>Description de la technologie<\/strong><\/p>\n<p>BASCOfield ready mix est une p\u00e2te plastique \u00e0 froid bi-composant sans solvant \u00e0 base de r\u00e9sines m\u00e9thacrylates r\u00e9actives (durcissement au peroxyde). La formulation sp\u00e9ciale est particuli\u00e8rement adapt\u00e9e aux rev\u00eatements de surface offrant une adh\u00e9rence \u00e9lev\u00e9e et une longue dur\u00e9e de vie. L&rsquo;application se fait par application manuelle.<\/p>\n                        <\/div>\r\n\r\n                    \r\n                                                        <\/div>\r\n                        <\/div>\r\n\r\n\r\n\r\n\r\n\n\n\n<div style=\"height:100px\" aria-hidden=\"true\" class=\"wp-block-spacer\"><\/div>\n\n\n\r\n<div id=\"aufzaehlung-fullwidth-block_0260583cac1801634df094a15d5f282e\" class=\"aufzaehlung-fullwidth reveal\" style=\"background-image: url('https:\/\/www.berlac.ch\/wp-content\/uploads\/sites\/5\/2023\/03\/HG_Aubergine-Abstrakt.jpg')\">\r\n    <div class=\"headline-container reveal reveal-bottom\">\r\n        <div class=\"line\"><\/div>\r\n        <h2>Vos avantages en un coup d&rsquo;\u0153il<br \/>\n<\/h2>\r\n        <div class=\"line\"><\/div>\r\n    <\/div>\r\n\r\n    <div class=\"inner\">\r\n        <div class=\"custom-flex-box flex-mobile\">\r\n            <div class=\"flex-box-fifty single-box reveal reveal-bottom\">\r\n                                    <ul>\r\n                                                <li>\r\n                            <svg xmlns=\"http:\/\/www.w3.org\/2000\/svg\" width=\"27\" height=\"27\" viewBox=\"0 0 27 27\">\r\n                                <g id=\"Gruppe_18319\" data-name=\"Gruppe 18319\" transform=\"translate(-156 -2016)\">\r\n                                    <g id=\"Rechteck_1714\" data-name=\"Rechteck 1714\" transform=\"translate(156 2016)\" fill=\"none\" stroke=\"#fff\" stroke-width=\"1\">\r\n                                        <rect width=\"27\" height=\"27\" rx=\"5\" stroke=\"none\"\/>\r\n                                        <rect x=\"0.5\" y=\"0.5\" width=\"26\" height=\"26\" rx=\"4.5\" fill=\"none\"\/>\r\n                                    <\/g>\r\n                                    <path id=\"Icon_ionic-ios-arrow-forward\" data-name=\"Icon ionic-ios-arrow-forward\" d=\"M16.469,12.732,11.521,7.788a.931.931,0,0,1,0-1.32.942.942,0,0,1,1.324,0l5.606,5.6a.933.933,0,0,1,.027,1.289L12.849,19a.935.935,0,1,1-1.324-1.32Z\" transform=\"translate(155.141 2016.766)\" fill=\"#fff\"\/>\r\n                                <\/g>\r\n                            <\/svg>\r\n                            <span class=\"normal-font\"><p>Produit d&rsquo;application pr\u00eat \u00e0 l&#8217;emploi<\/p>\n<\/span>\r\n                        <\/li>\r\n                                                <li>\r\n                            <svg xmlns=\"http:\/\/www.w3.org\/2000\/svg\" width=\"27\" height=\"27\" viewBox=\"0 0 27 27\">\r\n                                <g id=\"Gruppe_18319\" data-name=\"Gruppe 18319\" transform=\"translate(-156 -2016)\">\r\n                                    <g id=\"Rechteck_1714\" data-name=\"Rechteck 1714\" transform=\"translate(156 2016)\" fill=\"none\" stroke=\"#fff\" stroke-width=\"1\">\r\n                                        <rect width=\"27\" height=\"27\" rx=\"5\" stroke=\"none\"\/>\r\n                                        <rect x=\"0.5\" y=\"0.5\" width=\"26\" height=\"26\" rx=\"4.5\" fill=\"none\"\/>\r\n                                    <\/g>\r\n                                    <path id=\"Icon_ionic-ios-arrow-forward\" data-name=\"Icon ionic-ios-arrow-forward\" d=\"M16.469,12.732,11.521,7.788a.931.931,0,0,1,0-1.32.942.942,0,0,1,1.324,0l5.606,5.6a.933.933,0,0,1,.027,1.289L12.849,19a.935.935,0,1,1-1.324-1.32Z\" transform=\"translate(155.141 2016.766)\" fill=\"#fff\"\/>\r\n                                <\/g>\r\n                            <\/svg>\r\n                            <span class=\"normal-font\"><p>Conforme \u00e0 la norme FGSO (SN640 214)<\/p>\n<\/span>\r\n                        <\/li>\r\n                                                <li>\r\n                            <svg xmlns=\"http:\/\/www.w3.org\/2000\/svg\" width=\"27\" height=\"27\" viewBox=\"0 0 27 27\">\r\n                                <g id=\"Gruppe_18319\" data-name=\"Gruppe 18319\" transform=\"translate(-156 -2016)\">\r\n                                    <g id=\"Rechteck_1714\" data-name=\"Rechteck 1714\" transform=\"translate(156 2016)\" fill=\"none\" stroke=\"#fff\" stroke-width=\"1\">\r\n                                        <rect width=\"27\" height=\"27\" rx=\"5\" stroke=\"none\"\/>\r\n                                        <rect x=\"0.5\" y=\"0.5\" width=\"26\" height=\"26\" rx=\"4.5\" fill=\"none\"\/>\r\n                                    <\/g>\r\n                                    <path id=\"Icon_ionic-ios-arrow-forward\" data-name=\"Icon ionic-ios-arrow-forward\" d=\"M16.469,12.732,11.521,7.788a.931.931,0,0,1,0-1.32.942.942,0,0,1,1.324,0l5.606,5.6a.933.933,0,0,1,.027,1.289L12.849,19a.935.935,0,1,1-1.324-1.32Z\" transform=\"translate(155.141 2016.766)\" fill=\"#fff\"\/>\r\n                                <\/g>\r\n                            <\/svg>\r\n                            <span class=\"normal-font\"><p>Traitement simple et rapide<\/p>\n<\/span>\r\n                        <\/li>\r\n                                            <\/ul>\r\n                            <\/div>\r\n            <div class=\"flex-box-fifty single-box reveal reveal-bottom\">\r\n                                    <ul>\r\n                                                    <li>\r\n                                <svg xmlns=\"http:\/\/www.w3.org\/2000\/svg\" width=\"27\" height=\"27\" viewBox=\"0 0 27 27\">\r\n                                    <g id=\"Gruppe_18319\" data-name=\"Gruppe 18319\" transform=\"translate(-156 -2016)\">\r\n                                        <g id=\"Rechteck_1714\" data-name=\"Rechteck 1714\" transform=\"translate(156 2016)\" fill=\"none\" stroke=\"#fff\" stroke-width=\"1\">\r\n                                            <rect width=\"27\" height=\"27\" rx=\"5\" stroke=\"none\"\/>\r\n                                            <rect x=\"0.5\" y=\"0.5\" width=\"26\" height=\"26\" rx=\"4.5\" fill=\"none\"\/>\r\n                                        <\/g>\r\n                                        <path id=\"Icon_ionic-ios-arrow-forward\" data-name=\"Icon ionic-ios-arrow-forward\" d=\"M16.469,12.732,11.521,7.788a.931.931,0,0,1,0-1.32.942.942,0,0,1,1.324,0l5.606,5.6a.933.933,0,0,1,.027,1.289L12.849,19a.935.935,0,1,1-1.324-1.32Z\" transform=\"translate(155.141 2016.766)\" fill=\"#fff\"\/>\r\n                                    <\/g>\r\n                                <\/svg>\r\n                                <span class=\"normal-font\"><p>Tr\u00e8s haute adh\u00e9rence<\/p>\n<\/span>\r\n                            <\/li>\r\n                                                    <li>\r\n                                <svg xmlns=\"http:\/\/www.w3.org\/2000\/svg\" width=\"27\" height=\"27\" viewBox=\"0 0 27 27\">\r\n                                    <g id=\"Gruppe_18319\" data-name=\"Gruppe 18319\" transform=\"translate(-156 -2016)\">\r\n                                        <g id=\"Rechteck_1714\" data-name=\"Rechteck 1714\" transform=\"translate(156 2016)\" fill=\"none\" stroke=\"#fff\" stroke-width=\"1\">\r\n                                            <rect width=\"27\" height=\"27\" rx=\"5\" stroke=\"none\"\/>\r\n                                            <rect x=\"0.5\" y=\"0.5\" width=\"26\" height=\"26\" rx=\"4.5\" fill=\"none\"\/>\r\n                                        <\/g>\r\n                                        <path id=\"Icon_ionic-ios-arrow-forward\" data-name=\"Icon ionic-ios-arrow-forward\" d=\"M16.469,12.732,11.521,7.788a.931.931,0,0,1,0-1.32.942.942,0,0,1,1.324,0l5.606,5.6a.933.933,0,0,1,.027,1.289L12.849,19a.935.935,0,1,1-1.324-1.32Z\" transform=\"translate(155.141 2016.766)\" fill=\"#fff\"\/>\r\n                                    <\/g>\r\n                                <\/svg>\r\n                                <span class=\"normal-font\"><p>Grand choix de couleurs<\/p>\n<\/span>\r\n                            <\/li>\r\n                                            <\/ul>\r\n                            <\/div>\r\n        <\/div>\r\n            <\/div>\r\n<\/div>\n\n\n<div style=\"height:100px\" aria-hidden=\"true\" class=\"wp-block-spacer\"><\/div>\n\n\n\r\n<div class=\"inner\">\r\n    <div id=\"download-button-block_a90d84fbf510fd29fd847e2e1ab55269\" class=\"download-button reveal reveal-bottom\">\r\n                    \r\n                                <div class=\"single-download\">\r\n                    <a href=\"https:\/\/www.berlac.ch\/wp-content\/uploads\/sites\/5\/2025\/12\/25-2934_berlac_produktsteckbriefe-BascoField-ReadyMix-fr-web.pdf\" download>\r\n                        <svg xmlns=\"http:\/\/www.w3.org\/2000\/svg\" width=\"42.783\" height=\"48.896\" viewBox=\"0 0 42.783 48.896\">\r\n                            <g id=\"Gruppe_2655\" data-name=\"Gruppe 2655\" transform=\"translate(-156.693 -1846.283)\">\r\n                                <path id=\"Differenzmenge_6\" data-name=\"Differenzmenge 6\" d=\"M-2579.037,5350.9h-35.142a3.825,3.825,0,0,1-3.821-3.82V5305.82a3.825,3.825,0,0,1,3.821-3.82h22.919a10.624,10.624,0,0,1,6.522,2.7l6.818,6.822a10.594,10.594,0,0,1,2.7,6.521v29.031A3.825,3.825,0,0,1-2579.037,5350.9Zm-35.144-45.84a.774.774,0,0,0-.763.764v41.255a.774.774,0,0,0,.763.764h35.144a.775.775,0,0,0,.764-.759v-29.032a3.744,3.744,0,0,0-.086-.764H-2590.5v-12.148a4.087,4.087,0,0,0-.764-.081Zm26.741,1.363h0v7.8h7.8a3.916,3.916,0,0,0-.439-.544l-6.819-6.818A4.239,4.239,0,0,0-2587.44,5306.419Z\" transform=\"translate(2774.693 -3455.717)\"\/>\r\n                                <path id=\"Pfad_4464\" data-name=\"Pfad 4464\" d=\"M116.614,110.718a2.955,2.955,0,0,1-1.136.2,13.344,13.344,0,0,1-4.689-1.423c.793-.057,1.509-.086,2.158-.086a8.312,8.312,0,0,1,2.693.3c1.156.286,1.165.888.974,1.012Zm-20.542.181c.458-.8.926-1.652,1.4-2.559a47.914,47.914,0,0,0,2.454-5.367,17.862,17.862,0,0,0,4.059,5.042c.2.172.411.334.64.506A53.322,53.322,0,0,0,96.072,110.9Zm3.8-20.9c.649,0,1.022,1.629,1.05,3.167a6.48,6.48,0,0,1-.774,3.4,16.471,16.471,0,0,1-.544-4.25S99.577,90,99.873,90Zm-12.74,29.337a14.2,14.2,0,0,1,3.973-4.756c.134-.105.468-.42.774-.707C89.635,117.461,88.127,118.884,87.133,119.332Zm30.1-10.725c-.649-.64-2.1-.974-4.3-1a36.064,36.064,0,0,0-5.166.372,13.332,13.332,0,0,1-2.4-1.652,17.559,17.559,0,0,1-4.317-6.714c.057-.248.115-.458.162-.678,0,0,1.031-5.873.754-7.86a2.124,2.124,0,0,0-.134-.563l-.086-.239a1.857,1.857,0,0,0-1.7-1.3l-.506-.016h-.01a1.916,1.916,0,0,0-1.958,1.226c-.63,2.321.019,5.778,1.194,10.257l-.306.735c-.84,2.044-1.891,4.106-2.817,5.921l-.124.239c-.974,1.91-1.862,3.533-2.664,4.909l-.831.439c-.057.038-1.48.783-1.814.984-2.827,1.69-4.706,3.61-5.018,5.138a1.27,1.27,0,0,0,.478,1.394l.8.4a2.453,2.453,0,0,0,1.092.258c2.015,0,4.355-2.5,7.573-8.127a75.317,75.317,0,0,1,11.679-2.779,20.041,20.041,0,0,0,8.5,2.7,3.812,3.812,0,0,0,1-.115,1.65,1.65,0,0,0,.993-.678,3.569,3.569,0,0,0,.392-2.426A1.619,1.619,0,0,0,117.235,108.608Z\" transform=\"translate(76.608 1765.819)\"\/>\r\n                            <\/g>\r\n                        <\/svg>\r\n                        <div class=\"text\">fiche produit BASCOfield ready mix<\/div>\r\n\r\n                        <div class=\"hover-overlay\">\r\n                            <img decoding=\"async\" src=\"\/wp-content\/themes\/berlacgroup\/assets\/img\/download.svg\" alt=\"download pfeil\">\r\n                        <\/div>\r\n                    <\/a>\r\n                <\/div>\r\n                            \r\n                                <div class=\"single-download\">\r\n                    <a href=\"https:\/\/www.berlac.ch\/wp-content\/uploads\/sites\/5\/2025\/12\/25-2934_berlac_produktsteckbriefe-BascoField-ReadyMix-de-web.pdf\" download>\r\n                        <svg xmlns=\"http:\/\/www.w3.org\/2000\/svg\" width=\"42.783\" height=\"48.896\" viewBox=\"0 0 42.783 48.896\">\r\n                            <g id=\"Gruppe_2655\" data-name=\"Gruppe 2655\" transform=\"translate(-156.693 -1846.283)\">\r\n                                <path id=\"Differenzmenge_6\" data-name=\"Differenzmenge 6\" d=\"M-2579.037,5350.9h-35.142a3.825,3.825,0,0,1-3.821-3.82V5305.82a3.825,3.825,0,0,1,3.821-3.82h22.919a10.624,10.624,0,0,1,6.522,2.7l6.818,6.822a10.594,10.594,0,0,1,2.7,6.521v29.031A3.825,3.825,0,0,1-2579.037,5350.9Zm-35.144-45.84a.774.774,0,0,0-.763.764v41.255a.774.774,0,0,0,.763.764h35.144a.775.775,0,0,0,.764-.759v-29.032a3.744,3.744,0,0,0-.086-.764H-2590.5v-12.148a4.087,4.087,0,0,0-.764-.081Zm26.741,1.363h0v7.8h7.8a3.916,3.916,0,0,0-.439-.544l-6.819-6.818A4.239,4.239,0,0,0-2587.44,5306.419Z\" transform=\"translate(2774.693 -3455.717)\"\/>\r\n                                <path id=\"Pfad_4464\" data-name=\"Pfad 4464\" d=\"M116.614,110.718a2.955,2.955,0,0,1-1.136.2,13.344,13.344,0,0,1-4.689-1.423c.793-.057,1.509-.086,2.158-.086a8.312,8.312,0,0,1,2.693.3c1.156.286,1.165.888.974,1.012Zm-20.542.181c.458-.8.926-1.652,1.4-2.559a47.914,47.914,0,0,0,2.454-5.367,17.862,17.862,0,0,0,4.059,5.042c.2.172.411.334.64.506A53.322,53.322,0,0,0,96.072,110.9Zm3.8-20.9c.649,0,1.022,1.629,1.05,3.167a6.48,6.48,0,0,1-.774,3.4,16.471,16.471,0,0,1-.544-4.25S99.577,90,99.873,90Zm-12.74,29.337a14.2,14.2,0,0,1,3.973-4.756c.134-.105.468-.42.774-.707C89.635,117.461,88.127,118.884,87.133,119.332Zm30.1-10.725c-.649-.64-2.1-.974-4.3-1a36.064,36.064,0,0,0-5.166.372,13.332,13.332,0,0,1-2.4-1.652,17.559,17.559,0,0,1-4.317-6.714c.057-.248.115-.458.162-.678,0,0,1.031-5.873.754-7.86a2.124,2.124,0,0,0-.134-.563l-.086-.239a1.857,1.857,0,0,0-1.7-1.3l-.506-.016h-.01a1.916,1.916,0,0,0-1.958,1.226c-.63,2.321.019,5.778,1.194,10.257l-.306.735c-.84,2.044-1.891,4.106-2.817,5.921l-.124.239c-.974,1.91-1.862,3.533-2.664,4.909l-.831.439c-.057.038-1.48.783-1.814.984-2.827,1.69-4.706,3.61-5.018,5.138a1.27,1.27,0,0,0,.478,1.394l.8.4a2.453,2.453,0,0,0,1.092.258c2.015,0,4.355-2.5,7.573-8.127a75.317,75.317,0,0,1,11.679-2.779,20.041,20.041,0,0,0,8.5,2.7,3.812,3.812,0,0,0,1-.115,1.65,1.65,0,0,0,.993-.678,3.569,3.569,0,0,0,.392-2.426A1.619,1.619,0,0,0,117.235,108.608Z\" transform=\"translate(76.608 1765.819)\"\/>\r\n                            <\/g>\r\n                        <\/svg>\r\n                        <div class=\"text\">Produktsteckbrief BASCOfield ready mix<\/div>\r\n\r\n                        <div class=\"hover-overlay\">\r\n                            <img decoding=\"async\" src=\"\/wp-content\/themes\/berlacgroup\/assets\/img\/download.svg\" alt=\"download pfeil\">\r\n                        <\/div>\r\n                    <\/a>\r\n                <\/div>\r\n                            \r\n                                <div class=\"single-download\">\r\n                    <a href=\"https:\/\/www.berlac.ch\/wp-content\/uploads\/sites\/5\/2025\/12\/25-2934_berlac_produktsteckbriefe-BascoField-ReadyMix-en-web.pdf\" download>\r\n                        <svg xmlns=\"http:\/\/www.w3.org\/2000\/svg\" width=\"42.783\" height=\"48.896\" viewBox=\"0 0 42.783 48.896\">\r\n                            <g id=\"Gruppe_2655\" data-name=\"Gruppe 2655\" transform=\"translate(-156.693 -1846.283)\">\r\n                                <path id=\"Differenzmenge_6\" data-name=\"Differenzmenge 6\" d=\"M-2579.037,5350.9h-35.142a3.825,3.825,0,0,1-3.821-3.82V5305.82a3.825,3.825,0,0,1,3.821-3.82h22.919a10.624,10.624,0,0,1,6.522,2.7l6.818,6.822a10.594,10.594,0,0,1,2.7,6.521v29.031A3.825,3.825,0,0,1-2579.037,5350.9Zm-35.144-45.84a.774.774,0,0,0-.763.764v41.255a.774.774,0,0,0,.763.764h35.144a.775.775,0,0,0,.764-.759v-29.032a3.744,3.744,0,0,0-.086-.764H-2590.5v-12.148a4.087,4.087,0,0,0-.764-.081Zm26.741,1.363h0v7.8h7.8a3.916,3.916,0,0,0-.439-.544l-6.819-6.818A4.239,4.239,0,0,0-2587.44,5306.419Z\" transform=\"translate(2774.693 -3455.717)\"\/>\r\n                                <path id=\"Pfad_4464\" data-name=\"Pfad 4464\" d=\"M116.614,110.718a2.955,2.955,0,0,1-1.136.2,13.344,13.344,0,0,1-4.689-1.423c.793-.057,1.509-.086,2.158-.086a8.312,8.312,0,0,1,2.693.3c1.156.286,1.165.888.974,1.012Zm-20.542.181c.458-.8.926-1.652,1.4-2.559a47.914,47.914,0,0,0,2.454-5.367,17.862,17.862,0,0,0,4.059,5.042c.2.172.411.334.64.506A53.322,53.322,0,0,0,96.072,110.9Zm3.8-20.9c.649,0,1.022,1.629,1.05,3.167a6.48,6.48,0,0,1-.774,3.4,16.471,16.471,0,0,1-.544-4.25S99.577,90,99.873,90Zm-12.74,29.337a14.2,14.2,0,0,1,3.973-4.756c.134-.105.468-.42.774-.707C89.635,117.461,88.127,118.884,87.133,119.332Zm30.1-10.725c-.649-.64-2.1-.974-4.3-1a36.064,36.064,0,0,0-5.166.372,13.332,13.332,0,0,1-2.4-1.652,17.559,17.559,0,0,1-4.317-6.714c.057-.248.115-.458.162-.678,0,0,1.031-5.873.754-7.86a2.124,2.124,0,0,0-.134-.563l-.086-.239a1.857,1.857,0,0,0-1.7-1.3l-.506-.016h-.01a1.916,1.916,0,0,0-1.958,1.226c-.63,2.321.019,5.778,1.194,10.257l-.306.735c-.84,2.044-1.891,4.106-2.817,5.921l-.124.239c-.974,1.91-1.862,3.533-2.664,4.909l-.831.439c-.057.038-1.48.783-1.814.984-2.827,1.69-4.706,3.61-5.018,5.138a1.27,1.27,0,0,0,.478,1.394l.8.4a2.453,2.453,0,0,0,1.092.258c2.015,0,4.355-2.5,7.573-8.127a75.317,75.317,0,0,1,11.679-2.779,20.041,20.041,0,0,0,8.5,2.7,3.812,3.812,0,0,0,1-.115,1.65,1.65,0,0,0,.993-.678,3.569,3.569,0,0,0,.392-2.426A1.619,1.619,0,0,0,117.235,108.608Z\" transform=\"translate(76.608 1765.819)\"\/>\r\n                            <\/g>\r\n                        <\/svg>\r\n                        <div class=\"text\">product profile BASCOfield ready mix<\/div>\r\n\r\n                        <div class=\"hover-overlay\">\r\n                            <img decoding=\"async\" src=\"\/wp-content\/themes\/berlacgroup\/assets\/img\/download.svg\" alt=\"download pfeil\">\r\n                        <\/div>\r\n                    <\/a>\r\n                <\/div>\r\n                                        <\/div>\r\n<\/div>\n\n\n<div style=\"height:100px\" aria-hidden=\"true\" class=\"wp-block-spacer\"><\/div>\n\n\n\r\n\r\n<div id=\"header-ueberschrift-text-block_f8ca6446649218cc3f11c12bd57130a2\" class=\"header-ueberschrift-text-container content-ueberschrift-text-container\">\r\n\r\n    <div class=\"headline-container reveal reveal-bottom \">\r\n        <h2 class=\"headline-border-left-right\">DOMAINES D&rsquo;APPLICATION<\/h2>\r\n    <\/div>\r\n\r\n            <div class=\"inner\">\r\n                        <div class=\"normal-font reveal reveal-bottom long-width  \"><p>BASCOfield ready mix est un rev\u00eatement durable \u00e0 haute adh\u00e9rence qui convient \u00e0 la mise en couleur des routes, des pistes cyclables, des zones r\u00e9sidentielles et bien plus encore. Le plastique \u00e0 froid bi-composant est livr\u00e9 \u00ab\u00a0pr\u00eat \u00e0 l&#8217;emploi\u00a0\u00bb &#8211; c&rsquo;est-\u00e0-dire pr\u00eat \u00e0 \u00eatre utilis\u00e9. Cela permet une application simple et rapide sur le terrain, car aucune autre op\u00e9ration n&rsquo;est n\u00e9cessaire avant le traitement. Cela garantit un temps d&rsquo;insertion court et un ach\u00e8vement rapide du travail.<\/p>\n<\/div>\r\n\r\n                                <\/div>\r\n    <\/div>\n\n\n<div style=\"height:100px\" aria-hidden=\"true\" class=\"wp-block-spacer\"><\/div>\n\n\n\r\n<div id=\"bild-modul-1-2-quicklink-block_071dce5b55fed1b1d04366a5faada600\" class=\"bild-modul-1-2-quicklink-container inner\">\r\n    <div class=\"custom-flex-box flex-mobile\">\r\n                    \r\n        \r\n                                                    <a href=\"https:\/\/www.berlac.ch\/fr\/roadmarking\/applications\/\" class=\"flex-box-fifty flex-mobile-fifty single-box reveal reveal-bottom\">\r\n                \r\n                        <div class=\"content\">\r\n                            <h3>Nos solutions d&rsquo;application<\/h3>\r\n                        <\/div>\r\n                        <div class=\"gradient\"><\/div>\r\n\r\n                                                                                                                                            <img decoding=\"async\" width=\"800\" height=\"520\" src=\"https:\/\/www.berlac.ch\/wp-content\/uploads\/sites\/5\/2024\/05\/BASCOlin-Kaltspritzplastik-800x520.jpg\" class=\"attachment-bild-modul-1-2-quicklink-bild size-bild-modul-1-2-quicklink-bild\" alt=\"\" \/>                                                    \r\n\r\n\r\n                                    <\/a>\r\n                \r\n            \r\n        \r\n                                                    <a href=\"https:\/\/www.berlac.ch\/fr\/a-propos-de-nous\/contact-2\/\" class=\"flex-box-fifty flex-mobile-fifty single-box reveal reveal-bottom\">\r\n                \r\n                        <div class=\"content\">\r\n                            <h3>Prenez contact avec nous<\/h3>\r\n                        <\/div>\r\n                        <div class=\"gradient\"><\/div>\r\n\r\n                                                                                                                                            <img decoding=\"async\" width=\"791\" height=\"520\" src=\"https:\/\/www.berlac.ch\/wp-content\/uploads\/sites\/5\/2024\/05\/kontakt-leistungen-berlac-791x520.png\" class=\"attachment-bild-modul-1-2-quicklink-bild size-bild-modul-1-2-quicklink-bild\" alt=\"\" \/>                                                    \r\n\r\n\r\n                                    <\/a>\r\n                \r\n                        <\/div>\r\n<\/div>","protected":false},"excerpt":{"rendered":"","protected":false},"author":9,"featured_media":0,"parent":11987,"menu_order":0,"comment_status":"closed","ping_status":"closed","template":"","meta":{"_acf_changed":false,"footnotes":""},"class_list":["post-12008","page","type-page","status-publish","hentry"],"acf":[],"_links":{"self":[{"href":"https:\/\/www.berlac.ch\/fr\/wp-json\/wp\/v2\/pages\/12008","targetHints":{"allow":["GET"]}}],"collection":[{"href":"https:\/\/www.berlac.ch\/fr\/wp-json\/wp\/v2\/pages"}],"about":[{"href":"https:\/\/www.berlac.ch\/fr\/wp-json\/wp\/v2\/types\/page"}],"author":[{"embeddable":true,"href":"https:\/\/www.berlac.ch\/fr\/wp-json\/wp\/v2\/users\/9"}],"replies":[{"embeddable":true,"href":"https:\/\/www.berlac.ch\/fr\/wp-json\/wp\/v2\/comments?post=12008"}],"version-history":[{"count":6,"href":"https:\/\/www.berlac.ch\/fr\/wp-json\/wp\/v2\/pages\/12008\/revisions"}],"predecessor-version":[{"id":13471,"href":"https:\/\/www.berlac.ch\/fr\/wp-json\/wp\/v2\/pages\/12008\/revisions\/13471"}],"up":[{"embeddable":true,"href":"https:\/\/www.berlac.ch\/fr\/wp-json\/wp\/v2\/pages\/11987"}],"wp:attachment":[{"href":"https:\/\/www.berlac.ch\/fr\/wp-json\/wp\/v2\/media?parent=12008"}],"curies":[{"name":"wp","href":"https:\/\/api.w.org\/{rel}","templated":true}]}}